{"id":75,"date":"2023-07-06T00:31:30","date_gmt":"2023-07-06T00:31:30","guid":{"rendered":"http:\/\/clatpu.org\/?page_id=75"},"modified":"2023-07-14T16:24:13","modified_gmt":"2023-07-14T16:24:13","slug":"terminos-y-condiciones","status":"publish","type":"page","link":"https:\/\/clatpu.org\/ediciones-anteriores\/2024\/terminos-y-condiciones\/","title":{"rendered":"terminos y condiciones"},"content":{"rendered":"\n<div class=\"wp-block-group has-background is-layout-flow wp-block-group-is-layout-flow\" style=\"background-color:#004d73;padding-top:0px;padding-right:0px;padding-bottom:0px;padding-left:0px\">\n<div class=\"wp-block-columns has-box-background-background-color has-background is-layout-flex wp-container-core-columns-layout-1 wp-block-columns-is-layout-flex\">\n<div class=\"wp-block-column is-vertically-aligned-center image-col is-layout-flow wp-block-column-is-layout-flow\">\n<figure class=\"wp-block-image aligncenter size-large is-resized wp-duotone-unset-1\"><img loading=\"lazy\" decoding=\"async\" src=\"https:\/\/i0.wp.com\/clatpu.org\/wp-content\/uploads\/2023\/07\/Logo-sin-fondo_CLATPU-2024-1024x360.png?resize=544%2C191\" alt=\"\" class=\"wp-image-8\" width=\"544\" height=\"191\" srcset=\"https:\/\/i0.wp.com\/clatpu.org\/ediciones-anteriores\/2024\/wp-content\/uploads\/2023\/07\/Logo-sin-fondo_CLATPU-2024.png?resize=1024%2C360&amp;ssl=1 1024w, https:\/\/i0.wp.com\/clatpu.org\/ediciones-anteriores\/2024\/wp-content\/uploads\/2023\/07\/Logo-sin-fondo_CLATPU-2024.png?resize=300%2C105&amp;ssl=1 300w, https:\/\/i0.wp.com\/clatpu.org\/ediciones-anteriores\/2024\/wp-content\/uploads\/2023\/07\/Logo-sin-fondo_CLATPU-2024.png?resize=768%2C270&amp;ssl=1 768w, https:\/\/i0.wp.com\/clatpu.org\/ediciones-anteriores\/2024\/wp-content\/uploads\/2023\/07\/Logo-sin-fondo_CLATPU-2024.png?resize=1536%2C540&amp;ssl=1 1536w, https:\/\/i0.wp.com\/clatpu.org\/ediciones-anteriores\/2024\/wp-content\/uploads\/2023\/07\/Logo-sin-fondo_CLATPU-2024.png?resize=2048%2C720&amp;ssl=1 2048w, https:\/\/i0.wp.com\/clatpu.org\/ediciones-anteriores\/2024\/wp-content\/uploads\/2023\/07\/Logo-sin-fondo_CLATPU-2024.png?w=3000&amp;ssl=1 3000w\" sizes=\"(max-width: 544px) 100vw, 544px\" data-recalc-dims=\"1\" \/><\/figure>\n<\/div>\n\n\n\n<div class=\"wp-block-column is-vertically-aligned-center has-background is-content-justification-left is-layout-constrained wp-container-core-column-layout-2 wp-block-column-is-layout-constrained\" style=\"background-color:#4fa800\">\n<div class=\"wp-block-group content-right is-content-justification-right is-layout-constrained wp-container-core-group-layout-2 wp-block-group-is-layout-constrained\" style=\"padding-top:4rem;padding-bottom:4rem\">\n<div class=\"wp-block-group has-background-color has-text-color is-layout-constrained wp-block-group-is-layout-constrained\">\n<p class=\"has-background-secondary-color has-text-color\">CLATPU 2024 <\/p>\n\n\n\n<h2 class=\"wp-block-heading has-background-color has-text-color has-large-font-size\" style=\"font-style:normal;font-weight:400\">T\u00c9RMINOS Y CONDICIONES<\/h2>\n\n\n\n<p>La informaci\u00f3n declarada en este formulario ser\u00e1 de uso exclusivo del evento.<br>Recuerde que su inscripci\u00f3n solo estar\u00e1 confirmada cuando el pago completo haya sido<br>efectuado. Tenga en cuenta que los precios no se congelan a pesar de realizar su<br>inscripci\u00f3n temprana. Si usted NO abona antes de la fecha de cierre de inscripciones, los<br>valores se ajustan autom\u00e1ticamente al valor siguiente.<\/p>\n<\/div>\n<\/div>\n<\/div>\n<\/div>\n<\/div>\n\n\n\n<div class=\"wp-block-columns is-layout-flex wp-container-core-columns-layout-2 wp-block-columns-is-layout-flex\">\n<div class=\"wp-block-column is-layout-flow wp-block-column-is-layout-flow\">\n<p>Este formulario estar\u00e1 habilitado hasta el 6 de abril del 2024 y el pago podr\u00e1 realizarse hasta esa fecha en las siguientes formas de pago:<\/p>\n<\/div>\n<\/div>\n\n\n\n<div class=\"wp-block-group service-boxes is-layout-constrained wp-block-group-is-layout-constrained\" style=\"margin-top:0rem\">\n<div class=\"wp-block-columns is-layout-flex wp-container-core-columns-layout-3 wp-block-columns-is-layout-flex\">\n<div class=\"wp-block-column has-background is-layout-flow wp-block-column-is-layout-flow\" style=\"background-color:#fbfbfb\">\n<div class=\"wp-block-group is-content-justification-left is-layout-constrained wp-container-core-group-layout-4 wp-block-group-is-layout-constrained\" style=\"margin-top:0px;margin-bottom:0px;padding-top:50px;padding-right:50px;padding-bottom:50px;padding-left:50px\">\n<figure class=\"wp-block-image size-full is-resized\"><img loading=\"lazy\" decoding=\"async\" src=\"https:\/\/i0.wp.com\/clatpu.org\/wp-content\/themes\/visualcompany\/assets\/images\/cube-solid.png?resize=40%2C40\" alt=\"\" class=\"wp-image-686\" width=\"40\" height=\"40\" data-recalc-dims=\"1\" \/><\/figure>\n\n\n\n<h2 class=\"has-text-align-left wp-block-heading\" style=\"font-size:1.2rem\">PAGO ONLINE<\/h2>\n\n\n\n<p>Con todas las Tarjetas de Cr\u00e9dito, a trav\u00e9s de PayPal y no es<br>necesario contar con usuario*.<\/p>\n\n\n\n<p class=\"service-link\" style=\"font-size:12px;font-style:normal;font-weight:600;letter-spacing:1px;text-transform:uppercase\">*IMPORTANTE:<\/p>\n\n\n\n<p style=\"font-size:11px\">Deber\u00e1 habilitar las ventanas emergentes en su navegador, debido al cambio de pol\u00edticas de<br>seguridad de PayPal, para evitar phishing*, de esta forma lo llevar\u00e1 a su plataforma de pago para terminar la<br>acci\u00f3n de pago.<\/p>\n<\/div>\n<\/div>\n\n\n\n<div class=\"wp-block-column has-background is-layout-flow wp-block-column-is-layout-flow\" style=\"background-color:#f5f5f5\">\n<div class=\"wp-block-group is-content-justification-left is-layout-constrained wp-container-core-group-layout-5 wp-block-group-is-layout-constrained\" style=\"margin-top:0px;margin-bottom:0px;padding-top:50px;padding-right:50px;padding-bottom:50px;padding-left:50px\">\n<figure class=\"wp-block-image size-full is-resized\"><img loading=\"lazy\" decoding=\"async\" src=\"https:\/\/i0.wp.com\/clatpu.org\/wp-content\/themes\/visualcompany\/assets\/images\/tasks-solid.png?resize=40%2C40\" alt=\"\" class=\"wp-image-688\" width=\"40\" height=\"40\" data-recalc-dims=\"1\" \/><\/figure>\n\n\n\n<h2 class=\"has-text-align-left wp-block-heading\" style=\"font-size:1.2rem\">PAGO MANUAL<\/h2>\n\n\n\n<p>A trav\u00e9s de Western Union, Tarjetas de Cr\u00e9dito (con voucher manual VISA o American Express), Transferencia Bancaria.<br><br>Valido \u00fanicamente para <strong>Autor de Trabajo<\/strong> : le permite realizar el pago de su inscripci\u00f3n una vez aprobado el trabajo.<\/p>\n\n\n\n<p class=\"service-link\" style=\"font-size:12px;font-style:normal;font-weight:600;letter-spacing:1px;text-transform:uppercase\"><\/p>\n<\/div>\n<\/div>\n<\/div>\n\n\n\n<div class=\"wp-block-columns is-layout-flex wp-container-core-columns-layout-4 wp-block-columns-is-layout-flex\" style=\"margin-top:0rem\">\n<div class=\"wp-block-column has-background is-layout-flow wp-block-column-is-layout-flow\" style=\"background-color:#f5f5f5\"><\/div>\n\n\n\n<div class=\"wp-block-column has-background is-layout-flow wp-block-column-is-layout-flow\" style=\"background-color:#fbfbfb\"><\/div>\n\n\n\n<div class=\"wp-block-column has-background is-layout-flow wp-block-column-is-layout-flow\" style=\"background-color:#f5f5f5\"><\/div>\n<\/div>\n<\/div>\n\n\n\n<p>Una vez realizado el pago, recibir\u00e1 su factura electr\u00f3nica a la casilla de correo que ingreso al momento de completar el formulario de registro.<\/p>\n\n\n\n<h2 class=\"wp-block-heading\">POL\u00cdTICAS DE CANCELACI\u00d3N SOBRE INSCRIPCI\u00d3N<\/h2>\n\n\n\n<p>Todas las cancelaciones de inscripciones deber\u00e1n ser efectuadas por escrito a la administraci\u00f3n del congreso (dirigidas a Mar\u00eda Noel Dominguez a trav\u00e9s del correo maria.dominguez@grupoelis.com.uy) antes del 9 de marzo de 2024 ser\u00e1n reintegradas descontando un 30% por concepto de gastos administrativos.<br>Pasada la fecha l\u00edmite, no se reintegrar\u00e1n pagos, salvo casos excepcionales que deber\u00e1n ser evaluados por las autoridades del Congreso.<br>Los reintegros se har\u00e1n luego de la finalizaci\u00f3n del congreso y por el mismo m\u00e9todo de pago que utiliz\u00f3 al inscribirse.<\/p>\n","protected":false},"excerpt":{"rendered":"<p>CLATPU 2024 T\u00c9RMINOS Y CONDICIONES La informaci\u00f3n declarada en este formulario ser\u00e1 de uso exclusivo del evento.Recuerde que su inscripci\u00f3n solo estar\u00e1 confirmada cuando el pago completo haya sidoefectuado. Tenga en cuenta que los precios no se congelan a pesar de realizar suinscripci\u00f3n temprana. Si usted NO abona antes de [&hellip;]<\/p>\n","protected":false},"author":1,"featured_media":0,"parent":0,"menu_order":0,"comment_status":"closed","ping_status":"closed","template":"","meta":{"_themeisle_gutenberg_block_has_review":false,"footnotes":""},"_links":{"self":[{"href":"https:\/\/clatpu.org\/ediciones-anteriores\/2024\/wp-json\/wp\/v2\/pages\/75"}],"collection":[{"href":"https:\/\/clatpu.org\/ediciones-anteriores\/2024\/wp-json\/wp\/v2\/pages"}],"about":[{"href":"https:\/\/clatpu.org\/ediciones-anteriores\/2024\/wp-json\/wp\/v2\/types\/page"}],"author":[{"embeddable":true,"href":"https:\/\/clatpu.org\/ediciones-anteriores\/2024\/wp-json\/wp\/v2\/users\/1"}],"replies":[{"embeddable":true,"href":"https:\/\/clatpu.org\/ediciones-anteriores\/2024\/wp-json\/wp\/v2\/comments?post=75"}],"version-history":[{"count":2,"href":"https:\/\/clatpu.org\/ediciones-anteriores\/2024\/wp-json\/wp\/v2\/pages\/75\/revisions"}],"predecessor-version":[{"id":255,"href":"https:\/\/clatpu.org\/ediciones-anteriores\/2024\/wp-json\/wp\/v2\/pages\/75\/revisions\/255"}],"wp:attachment":[{"href":"https:\/\/clatpu.org\/ediciones-anteriores\/2024\/wp-json\/wp\/v2\/media?parent=75"}],"curies":[{"name":"wp","href":"https:\/\/api.w.org\/{rel}","templated":true}]}}