{"id":58,"date":"2023-07-06T00:05:13","date_gmt":"2023-07-06T00:05:13","guid":{"rendered":"http:\/\/clatpu.org\/?page_id=58"},"modified":"2023-07-06T01:22:24","modified_gmt":"2023-07-06T01:22:24","slug":"quienes-somos","status":"publish","type":"page","link":"https:\/\/clatpu.org\/ediciones-anteriores\/2024\/quienes-somos\/","title":{"rendered":"quienes somos"},"content":{"rendered":"\n<div class=\"wp-block-group has-box-background-background-color has-background is-layout-constrained wp-block-group-is-layout-constrained\" style=\"margin-top:4rem\">\n<div class=\"wp-block-columns has-box-background-background-color has-background is-layout-flex wp-container-core-columns-layout-1 wp-block-columns-is-layout-flex\">\n<div class=\"wp-block-column is-layout-flow wp-block-column-is-layout-flow\">\n<div class=\"wp-block-group is-layout-constrained wp-block-group-is-layout-constrained\" style=\"padding-top:3rem;padding-right:3rem;padding-bottom:3rem;padding-left:3rem\">\n<div class=\"wp-block-group is-layout-constrained wp-container-core-group-layout-1 wp-block-group-is-layout-constrained\">\n<p class=\"has-vivid-cyan-blue-color has-text-color\" style=\"font-size:12px;font-style:normal;font-weight:600;letter-spacing:1px;text-transform:uppercase\">Quienes somos<\/p>\n\n\n\n<h2 class=\"wp-block-heading has-large-font-size\">SOBRE CLATPU <\/h2>\n<\/div>\n\n\n\n<p>Los <strong>Congresos Latinoamericanos de Transporte P\u00fablico y Urbano <\/strong>(<strong>CLATPU<\/strong>) son eventos internacionales que surgen de la evoluci\u00f3n del Encuentro Latinoamericano de Transporte P\u00fablico y del Encuentro T\u00e9cnico Latinoamericano de Transporte Urbano (ELATU, organizado originalmente por la CEPAL).&nbsp;<br>Son organizados por <strong>la Fundaci\u00f3n Latinoamericana de Transporte P\u00fablico y Urbano<\/strong> (ALATPU), organizaci\u00f3n no gubernamental fundada e integrada por reconocidos expertos internacionales, con sede en la ciudad de Buenos Aires, Argentina.<\/p>\n<\/div>\n<\/div>\n\n\n\n<div class=\"wp-block-column is-vertically-aligned-bottom is-layout-flow wp-block-column-is-layout-flow\">\n<figure class=\"wp-block-image size-large wp-duotone-unset-1\"><img loading=\"lazy\" decoding=\"async\" width=\"994\" height=\"1024\" src=\"https:\/\/i0.wp.com\/clatpu.org\/wp-content\/uploads\/2023\/07\/Cerrar_mano_sujetando_la_barra_de_bus___Foto_Gratis-994x1024.jpg?resize=994%2C1024\" alt=\"\" class=\"wp-image-72\" srcset=\"https:\/\/i0.wp.com\/clatpu.org\/ediciones-anteriores\/2024\/wp-content\/uploads\/2023\/07\/Cerrar_mano_sujetando_la_barra_de_bus___Foto_Gratis.jpg?resize=994%2C1024&amp;ssl=1 994w, https:\/\/i0.wp.com\/clatpu.org\/ediciones-anteriores\/2024\/wp-content\/uploads\/2023\/07\/Cerrar_mano_sujetando_la_barra_de_bus___Foto_Gratis.jpg?resize=291%2C300&amp;ssl=1 291w, https:\/\/i0.wp.com\/clatpu.org\/ediciones-anteriores\/2024\/wp-content\/uploads\/2023\/07\/Cerrar_mano_sujetando_la_barra_de_bus___Foto_Gratis.jpg?resize=768%2C791&amp;ssl=1 768w, https:\/\/i0.wp.com\/clatpu.org\/ediciones-anteriores\/2024\/wp-content\/uploads\/2023\/07\/Cerrar_mano_sujetando_la_barra_de_bus___Foto_Gratis.jpg?w=1252&amp;ssl=1 1252w\" sizes=\"(max-width: 994px) 100vw, 994px\" data-recalc-dims=\"1\" \/><\/figure>\n<\/div>\n<\/div>\n\n\n\n<div class=\"wp-block-columns is-layout-flex wp-container-core-columns-layout-2 wp-block-columns-is-layout-flex\">\n<div class=\"wp-block-column is-layout-flow wp-block-column-is-layout-flow\">\n<figure class=\"wp-block-image size-large wp-duotone-unset-2\"><img loading=\"lazy\" decoding=\"async\" width=\"892\" height=\"1024\" src=\"https:\/\/i0.wp.com\/clatpu.org\/wp-content\/uploads\/2023\/07\/Free_Photo___Foto_gratuita_disparo_de_angulo_bajo_de_un_teleferico_bajo_el_cielo_despejado-892x1024.jpg?resize=892%2C1024\" alt=\"\" class=\"wp-image-73\" srcset=\"https:\/\/i0.wp.com\/clatpu.org\/ediciones-anteriores\/2024\/wp-content\/uploads\/2023\/07\/Free_Photo___Foto_gratuita_disparo_de_angulo_bajo_de_un_teleferico_bajo_el_cielo_despejado.jpg?resize=892%2C1024&amp;ssl=1 892w, https:\/\/i0.wp.com\/clatpu.org\/ediciones-anteriores\/2024\/wp-content\/uploads\/2023\/07\/Free_Photo___Foto_gratuita_disparo_de_angulo_bajo_de_un_teleferico_bajo_el_cielo_despejado.jpg?resize=261%2C300&amp;ssl=1 261w, https:\/\/i0.wp.com\/clatpu.org\/ediciones-anteriores\/2024\/wp-content\/uploads\/2023\/07\/Free_Photo___Foto_gratuita_disparo_de_angulo_bajo_de_un_teleferico_bajo_el_cielo_despejado.jpg?resize=768%2C882&amp;ssl=1 768w, https:\/\/i0.wp.com\/clatpu.org\/ediciones-anteriores\/2024\/wp-content\/uploads\/2023\/07\/Free_Photo___Foto_gratuita_disparo_de_angulo_bajo_de_un_teleferico_bajo_el_cielo_despejado.jpg?w=1144&amp;ssl=1 1144w\" sizes=\"(max-width: 892px) 100vw, 892px\" data-recalc-dims=\"1\" \/><\/figure>\n<\/div>\n\n\n\n<div class=\"wp-block-column is-layout-flow wp-block-column-is-layout-flow\">\n<div class=\"wp-block-group is-layout-constrained wp-block-group-is-layout-constrained\" style=\"padding-top:3rem;padding-right:3rem;padding-bottom:3rem;padding-left:3rem\">\n<div class=\"wp-block-group is-layout-constrained wp-container-core-group-layout-3 wp-block-group-is-layout-constrained\">\n<p class=\"has-vivid-cyan-blue-color has-text-color\" style=\"font-size:12px;font-style:normal;font-weight:600;letter-spacing:1px;text-transform:uppercase\">Quienes somos<\/p>\n<\/div>\n\n\n\n<p>El objetivo de los <strong>CLATPU<\/strong> es el intercambio de experiencias entre ciudades y pa\u00edses, la diseminaci\u00f3n del conocimiento y del avance te\u00f3rico, as\u00ed como la discusi\u00f3n en materia de transporte p\u00fablico y urbano y movilidad urbana.&nbsp;<\/p>\n\n\n\n<p>Los <strong>CLATPU<\/strong> est\u00e1n dirigidos a las autoridades nacionales, regionales y municipales de transporte, tr\u00e1nsito y movilidad, operadores, consultores, profesores y estudiantes universitarios y a todas aquellas personas interesadas en el tema del transporte, la movilidad urbana y la recuperaci\u00f3n del espacio p\u00fablico.&nbsp;<\/p>\n\n\n\n<p>Luego de m\u00e1s de 35 a\u00f1os de actuaci\u00f3n, son un foro consolidado de debate convertido en referente en Am\u00e9rica Latina.&nbsp;<\/p>\n<\/div>\n<\/div>\n<\/div>\n\n\n\n<div class=\"wp-block-columns has-background-secondary-background-color has-background is-layout-flex wp-container-core-columns-layout-3 wp-block-columns-is-layout-flex\" style=\"padding-top:0px;padding-right:0px;padding-bottom:0px;padding-left:0px\">\n<div class=\"wp-block-column is-vertically-aligned-center is-layout-constrained wp-block-column-is-layout-constrained\">\n<div class=\"wp-block-group content-left is-content-justification-left is-layout-constrained wp-container-core-group-layout-5 wp-block-group-is-layout-constrained\">\n<div class=\"wp-block-buttons is-content-justification-center is-layout-flex wp-container-core-buttons-layout-1 wp-block-buttons-is-layout-flex\">\n<div class=\"wp-block-button\"><a class=\"wp-block-button__link wp-element-button\" href=\"http:\/\/clatpu.org\/wp-content\/uploads\/2023\/07\/Sobre-CLATPU.pptx-1.pdf\">Sepa m\u00e1s &#8211; Descargue nuestra informaci\u00f3n<\/a><\/div>\n<\/div>\n<\/div>\n<\/div>\n<\/div>\n<\/div>\n","protected":false},"excerpt":{"rendered":"<p>Quienes somos SOBRE CLATPU Los Congresos Latinoamericanos de Transporte P\u00fablico y Urbano (CLATPU) son eventos internacionales que surgen de la evoluci\u00f3n del Encuentro Latinoamericano de Transporte P\u00fablico y del Encuentro T\u00e9cnico Latinoamericano de Transporte Urbano (ELATU, organizado originalmente por la CEPAL).&nbsp;Son organizados por la Fundaci\u00f3n Latinoamericana de Transporte P\u00fablico y [&hellip;]<\/p>\n","protected":false},"author":1,"featured_media":0,"parent":0,"menu_order":0,"comment_status":"closed","ping_status":"closed","template":"","meta":{"_themeisle_gutenberg_block_has_review":false,"footnotes":""},"_links":{"self":[{"href":"https:\/\/clatpu.org\/ediciones-anteriores\/2024\/wp-json\/wp\/v2\/pages\/58"}],"collection":[{"href":"https:\/\/clatpu.org\/ediciones-anteriores\/2024\/wp-json\/wp\/v2\/pages"}],"about":[{"href":"https:\/\/clatpu.org\/ediciones-anteriores\/2024\/wp-json\/wp\/v2\/types\/page"}],"author":[{"embeddable":true,"href":"https:\/\/clatpu.org\/ediciones-anteriores\/2024\/wp-json\/wp\/v2\/users\/1"}],"replies":[{"embeddable":true,"href":"https:\/\/clatpu.org\/ediciones-anteriores\/2024\/wp-json\/wp\/v2\/comments?post=58"}],"version-history":[{"count":3,"href":"https:\/\/clatpu.org\/ediciones-anteriores\/2024\/wp-json\/wp\/v2\/pages\/58\/revisions"}],"predecessor-version":[{"id":100,"href":"https:\/\/clatpu.org\/ediciones-anteriores\/2024\/wp-json\/wp\/v2\/pages\/58\/revisions\/100"}],"wp:attachment":[{"href":"https:\/\/clatpu.org\/ediciones-anteriores\/2024\/wp-json\/wp\/v2\/media?parent=58"}],"curies":[{"name":"wp","href":"https:\/\/api.w.org\/{rel}","templated":true}]}}