{"id":199,"date":"2023-07-11T10:46:34","date_gmt":"2023-07-11T10:46:34","guid":{"rendered":"http:\/\/clatpu.org\/?page_id=199"},"modified":"2023-07-12T08:57:42","modified_gmt":"2023-07-12T08:57:42","slug":"republica-dominicana","status":"publish","type":"page","link":"https:\/\/clatpu.org\/ediciones-anteriores\/2024\/republica-dominicana\/","title":{"rendered":"Rep\u00fablica Dominicana"},"content":{"rendered":"\n<div class=\"wp-block-group alignfull featured-content is-layout-flow wp-block-group-is-layout-flow\" id=\"wp--skip-link--target\" style=\"margin-top:0px\">\n<div class=\"wp-block-cover\"><span aria-hidden=\"true\" class=\"wp-block-cover__background has-background-dim-60 has-background-dim\"><\/span><img loading=\"lazy\" decoding=\"async\" width=\"1600\" height=\"1025\" class=\"wp-block-cover__image-background wp-image-206\" alt=\"\" src=\"https:\/\/i0.wp.com\/clatpu.org\/wp-content\/uploads\/2023\/07\/Santo-Domingo-Dominican-Republic.webp?resize=1600%2C1025\" data-object-fit=\"cover\" srcset=\"https:\/\/i0.wp.com\/clatpu.org\/ediciones-anteriores\/2024\/wp-content\/uploads\/2023\/07\/Santo-Domingo-Dominican-Republic.webp?w=1600&amp;ssl=1 1600w, https:\/\/i0.wp.com\/clatpu.org\/ediciones-anteriores\/2024\/wp-content\/uploads\/2023\/07\/Santo-Domingo-Dominican-Republic.webp?resize=300%2C192&amp;ssl=1 300w, https:\/\/i0.wp.com\/clatpu.org\/ediciones-anteriores\/2024\/wp-content\/uploads\/2023\/07\/Santo-Domingo-Dominican-Republic.webp?resize=1024%2C656&amp;ssl=1 1024w, https:\/\/i0.wp.com\/clatpu.org\/ediciones-anteriores\/2024\/wp-content\/uploads\/2023\/07\/Santo-Domingo-Dominican-Republic.webp?resize=768%2C492&amp;ssl=1 768w, https:\/\/i0.wp.com\/clatpu.org\/ediciones-anteriores\/2024\/wp-content\/uploads\/2023\/07\/Santo-Domingo-Dominican-Republic.webp?resize=1536%2C984&amp;ssl=1 1536w\" sizes=\"(max-width: 1000px) 100vw, 1000px\" data-recalc-dims=\"1\" \/><div class=\"wp-block-cover__inner-container is-layout-flow wp-block-cover-is-layout-flow\">\n<div style=\"height:80px\" aria-hidden=\"true\" class=\"wp-block-spacer\"><\/div>\n\n\n\n<div class=\"wp-block-group is-layout-constrained wp-block-group-is-layout-constrained\" style=\"padding-top:2rem;padding-bottom:2rem\">\n<div class=\"wp-block-columns is-layout-flex wp-container-core-columns-layout-1 wp-block-columns-is-layout-flex\">\n<div class=\"wp-block-column is-vertically-aligned-center is-layout-flow wp-block-column-is-layout-flow\">\n<div class=\"wp-block-group featured-summary has-background-color has-text-color is-content-justification-left is-layout-constrained wp-container-core-group-layout-1 wp-block-group-is-layout-constrained\">\n<h2 class=\"has-text-align-left wp-block-heading has-extra-large-font-size\" style=\"font-style:normal;font-weight:600\">Informaci\u00f3n sobre el destino<\/h2>\n\n\n\n<div class=\"wp-block-buttons is-layout-flex wp-block-buttons-is-layout-flex\">\n<div class=\"wp-block-button\"><a class=\"wp-block-button__link wp-element-button\" href=\"http:\/\/clatpu.org\/wp-content\/uploads\/2023\/07\/santo-domingo-210x210-2018-baja-1.pdf\">Descarga la gu\u00eda informativo<\/a><\/div>\n<\/div>\n<\/div>\n<\/div>\n\n\n\n<div class=\"wp-block-column is-vertically-aligned-center is-layout-flow wp-block-column-is-layout-flow\">\n<figure class=\"wp-block-image alignleft size-large\"><img loading=\"lazy\" decoding=\"async\" width=\"1024\" height=\"633\" src=\"https:\/\/i0.wp.com\/clatpu.org\/wp-content\/uploads\/2023\/07\/LOGOAsset-1@3x-1024x633.png?resize=1024%2C633\" alt=\"\" class=\"wp-image-21\" srcset=\"https:\/\/i0.wp.com\/clatpu.org\/ediciones-anteriores\/2024\/wp-content\/uploads\/2023\/07\/LOGOAsset-1@3x.png?resize=1024%2C633&amp;ssl=1 1024w, https:\/\/i0.wp.com\/clatpu.org\/ediciones-anteriores\/2024\/wp-content\/uploads\/2023\/07\/LOGOAsset-1@3x.png?resize=300%2C185&amp;ssl=1 300w, https:\/\/i0.wp.com\/clatpu.org\/ediciones-anteriores\/2024\/wp-content\/uploads\/2023\/07\/LOGOAsset-1@3x.png?resize=768%2C474&amp;ssl=1 768w, https:\/\/i0.wp.com\/clatpu.org\/ediciones-anteriores\/2024\/wp-content\/uploads\/2023\/07\/LOGOAsset-1@3x.png?resize=1536%2C949&amp;ssl=1 1536w, https:\/\/i0.wp.com\/clatpu.org\/ediciones-anteriores\/2024\/wp-content\/uploads\/2023\/07\/LOGOAsset-1@3x.png?w=1821&amp;ssl=1 1821w\" sizes=\"(max-width: 1000px) 100vw, 1000px\" data-recalc-dims=\"1\" \/><\/figure>\n<\/div>\n<\/div>\n\n\n\n<div class=\"wp-block-group is-layout-flow wp-block-group-is-layout-flow\"><\/div>\n<\/div>\n\n\n\n<div style=\"height:66px\" aria-hidden=\"true\" class=\"wp-block-spacer\"><\/div>\n<\/div><\/div>\n<\/div>\n\n\n\n<div class=\"wp-block-group is-layout-flow wp-block-group-is-layout-flow\">\n<div class=\"wp-block-columns is-layout-flex wp-container-core-columns-layout-2 wp-block-columns-is-layout-flex\">\n<div class=\"wp-block-column is-vertically-aligned-center is-content-justification-right is-layout-constrained wp-container-core-column-layout-3 wp-block-column-is-layout-constrained\">\n<div class=\"wp-block-group content-left is-content-justification-left is-layout-constrained wp-container-core-group-layout-6 wp-block-group-is-layout-constrained\" style=\"padding-top:4rem;padding-bottom:4rem\">\n<div class=\"wp-block-group is-layout-constrained wp-block-group-is-layout-constrained\">\n<p class=\"has-vivid-green-cyan-color has-text-color\">Rep\u00fablica Dominicana<\/p>\n\n\n\n<h2 class=\"wp-block-heading has-large-font-size\" style=\"font-style:normal;font-weight:400\">Santo Domingo<\/h2>\n\n\n\n<p>La ciudad de Santo Domingo, capital de la Rep\u00fablica Dominicana, es el destino de mayor riqueza cultural del Caribe y seguramente el m\u00e1s vibrante de todos.<br>Los visitantes son cautivados por el encanto de sus hoteles contempor\u00e1neos apostados en antiguas calles, as\u00ed como por su gastronom\u00eda, que se pone de<br>manifiesto en los restaurantes gourmets de cocina dominicana e internacional.<br>Con abundantes boutiques y reconocidas cadenas de tiendas de los EEUU y Europa, las compras atraen a los visitantes y residentes por igual. Santo Domingo tambi\u00e9n cuenta con una gran cantidad de museos, galer\u00edas de arte y teatros, asegurando de esta manera un sinn\u00famero de experiencias culturales.<\/p>\n<\/div>\n<\/div>\n<\/div>\n\n\n\n<div class=\"wp-block-column image-col is-layout-flow wp-block-column-is-layout-flow\">\n<figure class=\"wp-block-image size-full wp-duotone-unset-1\"><img loading=\"lazy\" decoding=\"async\" width=\"782\" height=\"768\" src=\"https:\/\/i0.wp.com\/clatpu.org\/wp-content\/uploads\/2023\/07\/2023-07-11_07-26-2.png?resize=782%2C768\" alt=\"\" class=\"wp-image-207\" srcset=\"https:\/\/i0.wp.com\/clatpu.org\/ediciones-anteriores\/2024\/wp-content\/uploads\/2023\/07\/2023-07-11_07-26-2.png?w=782&amp;ssl=1 782w, https:\/\/i0.wp.com\/clatpu.org\/ediciones-anteriores\/2024\/wp-content\/uploads\/2023\/07\/2023-07-11_07-26-2.png?resize=300%2C295&amp;ssl=1 300w, https:\/\/i0.wp.com\/clatpu.org\/ediciones-anteriores\/2024\/wp-content\/uploads\/2023\/07\/2023-07-11_07-26-2.png?resize=768%2C754&amp;ssl=1 768w\" sizes=\"(max-width: 782px) 100vw, 782px\" data-recalc-dims=\"1\" \/><\/figure>\n<\/div>\n<\/div>\n<\/div>\n\n\n\n<div class=\"wp-block-group is-layout-flow wp-block-group-is-layout-flow\">\n<div class=\"wp-block-cover is-light\"><span aria-hidden=\"true\" class=\"wp-block-cover__background has-background-dim-40 has-background-dim\"><\/span><img loading=\"lazy\" decoding=\"async\" width=\"1920\" height=\"1280\" class=\"wp-block-cover__image-background wp-image-226\" alt=\"\" src=\"https:\/\/i0.wp.com\/clatpu.org\/wp-content\/uploads\/2023\/07\/shutterstock_642225013-punta-cana-dominicana.jpg?resize=1920%2C1280\" style=\"object-position:56% 27%\" data-object-fit=\"cover\" data-object-position=\"56% 27%\" srcset=\"https:\/\/i0.wp.com\/clatpu.org\/ediciones-anteriores\/2024\/wp-content\/uploads\/2023\/07\/shutterstock_642225013-punta-cana-dominicana.jpg?w=1920&amp;ssl=1 1920w, https:\/\/i0.wp.com\/clatpu.org\/ediciones-anteriores\/2024\/wp-content\/uploads\/2023\/07\/shutterstock_642225013-punta-cana-dominicana.jpg?resize=300%2C200&amp;ssl=1 300w, https:\/\/i0.wp.com\/clatpu.org\/ediciones-anteriores\/2024\/wp-content\/uploads\/2023\/07\/shutterstock_642225013-punta-cana-dominicana.jpg?resize=1024%2C683&amp;ssl=1 1024w, https:\/\/i0.wp.com\/clatpu.org\/ediciones-anteriores\/2024\/wp-content\/uploads\/2023\/07\/shutterstock_642225013-punta-cana-dominicana.jpg?resize=768%2C512&amp;ssl=1 768w, https:\/\/i0.wp.com\/clatpu.org\/ediciones-anteriores\/2024\/wp-content\/uploads\/2023\/07\/shutterstock_642225013-punta-cana-dominicana.jpg?resize=1536%2C1024&amp;ssl=1 1536w\" sizes=\"(max-width: 1000px) 100vw, 1000px\" data-recalc-dims=\"1\" \/><div class=\"wp-block-cover__inner-container is-layout-flow wp-block-cover-is-layout-flow\">\n<div style=\"height:223px\" aria-hidden=\"true\" class=\"wp-block-spacer\"><\/div>\n\n\n\n<div class=\"wp-block-group has-background-color has-text-color is-layout-constrained wp-container-core-group-layout-8 wp-block-group-is-layout-constrained\">\n<p class=\"has-text-align-center\"><\/p>\n\n\n\n<figure class=\"wp-block-image aligncenter size-full is-resized image-link\"><a href=\"http:\/\/clatpu.org\/wp-content\/uploads\/2023\/07\/Turismo-En-Cada-Rincon.mp4\"><img loading=\"lazy\" decoding=\"async\" src=\"https:\/\/i0.wp.com\/clatpu.org\/wp-content\/themes\/visualbusiness\/assets\/images\/play-button.png?resize=109%2C109\" alt=\"\" class=\"wp-image-213\" width=\"109\" height=\"109\" title=\"\" data-recalc-dims=\"1\"\/><\/a><\/figure>\n<\/div>\n\n\n\n<div style=\"height:223px\" aria-hidden=\"true\" class=\"wp-block-spacer\"><\/div>\n<\/div><\/div>\n<\/div>\n\n\n\n<div class=\"wp-block-jetpack-slideshow aligncenter\" data-effect=\"slide\"><div class=\"wp-block-jetpack-slideshow_container swiper-container\"><ul class=\"wp-block-jetpack-slideshow_swiper-wrapper swiper-wrapper\"><li class=\"wp-block-jetpack-slideshow_slide swiper-slide\"><figure><img loading=\"lazy\" decoding=\"async\" width=\"785\" height=\"785\" alt=\"\" class=\"wp-block-jetpack-slideshow_image wp-image-204\" data-id=\"204\" src=\"https:\/\/i0.wp.com\/clatpu.org\/wp-content\/uploads\/2023\/07\/2023-07-11_07-26_1.png?resize=785%2C785\" srcset=\"https:\/\/i0.wp.com\/clatpu.org\/ediciones-anteriores\/2024\/wp-content\/uploads\/2023\/07\/2023-07-11_07-26_1.png?w=785&amp;ssl=1 785w, https:\/\/i0.wp.com\/clatpu.org\/ediciones-anteriores\/2024\/wp-content\/uploads\/2023\/07\/2023-07-11_07-26_1.png?resize=300%2C300&amp;ssl=1 300w, https:\/\/i0.wp.com\/clatpu.org\/ediciones-anteriores\/2024\/wp-content\/uploads\/2023\/07\/2023-07-11_07-26_1.png?resize=150%2C150&amp;ssl=1 150w, https:\/\/i0.wp.com\/clatpu.org\/ediciones-anteriores\/2024\/wp-content\/uploads\/2023\/07\/2023-07-11_07-26_1.png?resize=768%2C768&amp;ssl=1 768w\" sizes=\"(max-width: 785px) 100vw, 785px\" data-recalc-dims=\"1\" \/><\/figure><\/li><li class=\"wp-block-jetpack-slideshow_slide swiper-slide\"><figure><img loading=\"lazy\" decoding=\"async\" width=\"791\" height=\"786\" alt=\"\" class=\"wp-block-jetpack-slideshow_image wp-image-203\" data-id=\"203\" src=\"https:\/\/i0.wp.com\/clatpu.org\/wp-content\/uploads\/2023\/07\/2023-07-11_07-28.png?resize=791%2C786\" srcset=\"https:\/\/i0.wp.com\/clatpu.org\/ediciones-anteriores\/2024\/wp-content\/uploads\/2023\/07\/2023-07-11_07-28.png?w=791&amp;ssl=1 791w, https:\/\/i0.wp.com\/clatpu.org\/ediciones-anteriores\/2024\/wp-content\/uploads\/2023\/07\/2023-07-11_07-28.png?resize=300%2C298&amp;ssl=1 300w, https:\/\/i0.wp.com\/clatpu.org\/ediciones-anteriores\/2024\/wp-content\/uploads\/2023\/07\/2023-07-11_07-28.png?resize=150%2C150&amp;ssl=1 150w, https:\/\/i0.wp.com\/clatpu.org\/ediciones-anteriores\/2024\/wp-content\/uploads\/2023\/07\/2023-07-11_07-28.png?resize=768%2C763&amp;ssl=1 768w\" sizes=\"(max-width: 791px) 100vw, 791px\" data-recalc-dims=\"1\" \/><\/figure><\/li><li class=\"wp-block-jetpack-slideshow_slide swiper-slide\"><figure><img loading=\"lazy\" decoding=\"async\" width=\"789\" height=\"789\" alt=\"\" class=\"wp-block-jetpack-slideshow_image wp-image-201\" data-id=\"201\" src=\"https:\/\/i0.wp.com\/clatpu.org\/wp-content\/uploads\/2023\/07\/2023-07-11_07-27_1.png?resize=789%2C789\" srcset=\"https:\/\/i0.wp.com\/clatpu.org\/ediciones-anteriores\/2024\/wp-content\/uploads\/2023\/07\/2023-07-11_07-27_1.png?w=789&amp;ssl=1 789w, https:\/\/i0.wp.com\/clatpu.org\/ediciones-anteriores\/2024\/wp-content\/uploads\/2023\/07\/2023-07-11_07-27_1.png?resize=300%2C300&amp;ssl=1 300w, https:\/\/i0.wp.com\/clatpu.org\/ediciones-anteriores\/2024\/wp-content\/uploads\/2023\/07\/2023-07-11_07-27_1.png?resize=150%2C150&amp;ssl=1 150w, https:\/\/i0.wp.com\/clatpu.org\/ediciones-anteriores\/2024\/wp-content\/uploads\/2023\/07\/2023-07-11_07-27_1.png?resize=768%2C768&amp;ssl=1 768w\" sizes=\"(max-width: 789px) 100vw, 789px\" data-recalc-dims=\"1\" \/><\/figure><\/li><\/ul><a class=\"wp-block-jetpack-slideshow_button-prev swiper-button-prev swiper-button-white\" role=\"button\"><\/a><a class=\"wp-block-jetpack-slideshow_button-next swiper-button-next swiper-button-white\" role=\"button\"><\/a><a aria-label=\"Pause Slideshow\" class=\"wp-block-jetpack-slideshow_button-pause\" role=\"button\"><\/a><div class=\"wp-block-jetpack-slideshow_pagination swiper-pagination swiper-pagination-white\"><\/div><\/div><\/div>\n\n\n\n<div class=\"wp-block-group has-background is-layout-flow wp-block-group-is-layout-flow\" style=\"background-color:#004d73;padding-top:0px;padding-right:0px;padding-bottom:0px;padding-left:0px\">\n<div class=\"wp-block-columns has-boulder-background-color has-background is-layout-flex wp-container-core-columns-layout-3 wp-block-columns-is-layout-flex\">\n<div class=\"wp-block-column is-vertically-aligned-center is-content-justification-left is-layout-constrained wp-container-core-column-layout-5 wp-block-column-is-layout-constrained\">\n<div class=\"wp-block-group content-right is-content-justification-right is-layout-constrained wp-container-core-group-layout-11 wp-block-group-is-layout-constrained\" style=\"padding-top:4rem;padding-bottom:4rem\">\n<div class=\"wp-block-group has-background-color has-text-color is-layout-constrained wp-block-group-is-layout-constrained\">\n<p class=\"has-luminous-vivid-orange-color has-text-color\"><strong>Santo Domingo<\/strong><\/p>\n\n\n\n<h2 class=\"wp-block-heading has-background-color has-text-color has-large-font-size\" style=\"font-style:normal;font-weight:400\">Datos de interes<\/h2>\n\n\n\n<p>La Rep\u00fablica Dominicana ocupa dos tercios del este de la isla Hispaniola, la cual comparte con la Rep\u00fablica de Hait\u00ed, y es el segundo pa\u00eds m\u00e1s grande del Caribe con un \u00e1rea de 49.967Km2. El pa\u00eds tiene una poblaci\u00f3n de 10.5 millones de habitantes, y disfruta de un soleado clima tropical durante todo el a\u00f1o. La temperatura promedio oscila entre los 25\u00b0C y 31\u00b0C. La temporada m\u00e1s fresca se presenta en los meses de noviembre a abril, mientras que la m\u00e1s c\u00e1lida, en los meses de mayo a octubre.<br><br><strong>ZONA HORARIA<\/strong>: La hora local es la del este del Caribe (GMT-0400). Rep\u00fablica Dominicana no cambia al horario de verano.<\/p>\n\n\n\n<p><strong>CIUDAD CAPITAL<\/strong>: Santo Domingo, -declarada Patrimonio de la Humanidad por la UNESCO en 1990-, es la ciudad m\u00e1s Antigua del Nuevo Mundo, y conserva un pasado hist\u00f3rico de gran importancia mundial.<br>IDIOMA: El espa\u00f1ol es la lengua oficial de Rep\u00fablica Dominicana. Sin embargo, se sorprender\u00e1 de la gran cantidad de empleados en hoteles y destinos tur\u00edsticos que poseen un fluido nivel de ingl\u00e9s, franc\u00e9s, alem\u00e1n e italiano, y otros.<\/p>\n\n\n\n<p><br><\/p>\n<\/div>\n<\/div>\n<\/div>\n\n\n\n<div class=\"wp-block-column image-col is-layout-flow wp-block-column-is-layout-flow\" style=\"padding-top:var(--wp--preset--spacing--60);padding-right:var(--wp--preset--spacing--60);padding-bottom:var(--wp--preset--spacing--60);padding-left:var(--wp--preset--spacing--60)\">\n<p class=\"has-text-align-left has-background-color has-text-color\" style=\"margin-top:var(--wp--preset--spacing--40);margin-right:var(--wp--preset--spacing--40);margin-bottom:var(--wp--preset--spacing--40);margin-left:var(--wp--preset--spacing--40)\"><br><\/p>\n\n\n\n<p><\/p>\n\n\n\n<p class=\"has-text-align-left has-background-color has-text-color\" style=\"margin-top:var(--wp--preset--spacing--40);margin-right:var(--wp--preset--spacing--40);margin-bottom:var(--wp--preset--spacing--40);margin-left:var(--wp--preset--spacing--40)\"><strong>MONEDA<\/strong>: El Peso Dominicano (RD$) es la moneda oficial.<br><br><strong>C\u00d3MO LLEGAR:<\/strong> Rep\u00fablica Dominicana posee actualmente siete aeropuertos internacionales, siendo los principales el Aeropuerto<br>Internacional Las Am\u00e9ricas en Santo Domingo (SDQ), Aeropuerto Internacional de Punta Cana (PUJ), Aeropuerto Internacional de<br>La Romana (LRM), Aeropuerto Internacional Gregorio Luper\u00f3n (POP) en Puerto Plata, Aeropuerto Internacional El Catey (AZS) en Saman\u00e1 y Aeropuerto Internacional El Cibao (STI) en Santiago. Entre los puertos mar\u00edtimos que regularmente reciben cruceros est\u00e1n Santo Domingo (terminales Sansouc\u00ed y Don Diego), La Romana (muelles este y oeste, Isla Catalina y Marina Casa de Campo), Punta Cana (Marina Cap Cana), Puerto Plata (Amber Cove) y las instalaciones de la Bah\u00eda de Saman\u00e1 (Cayo Levantado).<\/p>\n<\/div>\n<\/div>\n<\/div>\n","protected":false},"excerpt":{"rendered":"<p>Rep\u00fablica Dominicana Santo Domingo La ciudad de Santo Domingo, capital de la Rep\u00fablica Dominicana, es el destino de mayor riqueza cultural del Caribe y seguramente el m\u00e1s vibrante de todos.Los visitantes son cautivados por el encanto de sus hoteles contempor\u00e1neos apostados en antiguas calles, as\u00ed como por su gastronom\u00eda, que [&hellip;]<\/p>\n","protected":false},"author":1,"featured_media":0,"parent":0,"menu_order":0,"comment_status":"closed","ping_status":"closed","template":"","meta":{"_themeisle_gutenberg_block_has_review":false,"footnotes":""},"_links":{"self":[{"href":"https:\/\/clatpu.org\/ediciones-anteriores\/2024\/wp-json\/wp\/v2\/pages\/199"}],"collection":[{"href":"https:\/\/clatpu.org\/ediciones-anteriores\/2024\/wp-json\/wp\/v2\/pages"}],"about":[{"href":"https:\/\/clatpu.org\/ediciones-anteriores\/2024\/wp-json\/wp\/v2\/types\/page"}],"author":[{"embeddable":true,"href":"https:\/\/clatpu.org\/ediciones-anteriores\/2024\/wp-json\/wp\/v2\/users\/1"}],"replies":[{"embeddable":true,"href":"https:\/\/clatpu.org\/ediciones-anteriores\/2024\/wp-json\/wp\/v2\/comments?post=199"}],"version-history":[{"count":11,"href":"https:\/\/clatpu.org\/ediciones-anteriores\/2024\/wp-json\/wp\/v2\/pages\/199\/revisions"}],"predecessor-version":[{"id":231,"href":"https:\/\/clatpu.org\/ediciones-anteriores\/2024\/wp-json\/wp\/v2\/pages\/199\/revisions\/231"}],"wp:attachment":[{"href":"https:\/\/clatpu.org\/ediciones-anteriores\/2024\/wp-json\/wp\/v2\/media?parent=199"}],"curies":[{"name":"wp","href":"https:\/\/api.w.org\/{rel}","templated":true}]}}