{"id":162,"date":"2023-07-06T20:18:26","date_gmt":"2023-07-06T20:18:26","guid":{"rendered":"http:\/\/clatpu.org\/?page_id=162"},"modified":"2023-07-06T20:19:00","modified_gmt":"2023-07-06T20:19:00","slug":"areas-tematicas","status":"publish","type":"page","link":"https:\/\/clatpu.org\/ediciones-anteriores\/2024\/areas-tematicas\/","title":{"rendered":"Areas tematicas"},"content":{"rendered":"\n<div class=\"wp-block-group alignfull is-layout-flow wp-block-group-is-layout-flow\" style=\"margin-top:0px\">\n<div class=\"wp-block-cover\" style=\"margin-top:0px;margin-bottom:0px\"><span aria-hidden=\"true\" class=\"wp-block-cover__background has-dark-green-background-color has-background-dim-60 has-background-dim\"><\/span><img loading=\"lazy\" decoding=\"async\" width=\"829\" height=\"440\" class=\"wp-block-cover__image-background wp-image-163\" alt=\"\" src=\"https:\/\/i0.wp.com\/clatpu.org\/wp-content\/uploads\/2023\/07\/El-futuro-de-la-movilidad.png?resize=829%2C440\" style=\"object-position:48% 38%\" data-object-fit=\"cover\" data-object-position=\"48% 38%\" srcset=\"https:\/\/i0.wp.com\/clatpu.org\/ediciones-anteriores\/2024\/wp-content\/uploads\/2023\/07\/El-futuro-de-la-movilidad.png?w=829&amp;ssl=1 829w, https:\/\/i0.wp.com\/clatpu.org\/ediciones-anteriores\/2024\/wp-content\/uploads\/2023\/07\/El-futuro-de-la-movilidad.png?resize=300%2C159&amp;ssl=1 300w, https:\/\/i0.wp.com\/clatpu.org\/ediciones-anteriores\/2024\/wp-content\/uploads\/2023\/07\/El-futuro-de-la-movilidad.png?resize=768%2C408&amp;ssl=1 768w\" sizes=\"(max-width: 829px) 100vw, 829px\" data-recalc-dims=\"1\" \/><div class=\"wp-block-cover__inner-container is-layout-flow wp-block-cover-is-layout-flow\">\n<div class=\"wp-block-group has-background-color has-text-color is-layout-constrained wp-container-core-group-layout-1 wp-block-group-is-layout-constrained\" style=\"margin-top:0px;margin-bottom:30px\">\n<h2 class=\"has-text-align-center wp-block-heading\">\u00c1reas tem\u00e1ticas<\/h2>\n\n\n\n<p class=\"has-text-align-center\"><\/p>\n<\/div>\n<\/div><\/div>\n<\/div>\n\n\n\n<div class=\"wp-block-group is-layout-constrained wp-block-group-is-layout-constrained\" style=\"margin-top:4rem\">\n<div class=\"wp-block-group is-content-justification-space-between is-nowrap is-layout-flex wp-container-core-group-layout-4 wp-block-group-is-layout-flex\">\n<div class=\"wp-block-group is-content-justification-left is-layout-constrained wp-container-core-group-layout-3 wp-block-group-is-layout-constrained\">\n<p class=\"has-text-align-left has-primary-color has-text-color\" style=\"font-size:12px;font-style:normal;font-weight:600;letter-spacing:1px\">TEMAS &#8211; \u00c1REAS TEM\u00c1TICAS<\/p>\n\n\n\n<h2 class=\"has-text-align-left wp-block-heading has-text-color\" id=\"ejesT\" style=\"color:#025576;font-size:36px\">Movilidad sostenible, intermodalidad y equidad<\/h2>\n<\/div>\n\n\n\n<div class=\"wp-block-buttons is-content-justification-center is-layout-flex wp-container-core-buttons-layout-1 wp-block-buttons-is-layout-flex\"><\/div>\n<\/div>\n\n\n\n<div class=\"wp-block-columns is-layout-flex wp-container-core-columns-layout-1 wp-block-columns-is-layout-flex\" style=\"margin-top:4rem\">\n<div class=\"wp-block-column is-layout-flow wp-block-column-is-layout-flow\">\n<div class=\"wp-block-group is-content-justification-left is-layout-constrained wp-container-core-group-layout-6 wp-block-group-is-layout-constrained\">\n<div class=\"wp-block-group is-nowrap is-layout-flex wp-container-core-group-layout-5 wp-block-group-is-layout-flex\">\n<figure class=\"wp-block-image size-full is-resized\"><img loading=\"lazy\" decoding=\"async\" src=\"https:\/\/i0.wp.com\/clatpu.org\/wp-content\/uploads\/2023\/07\/data-exploration-data-center-model-management-svgrepo-com.png?resize=40%2C40\" alt=\"\" class=\"wp-image-30\" width=\"40\" height=\"40\" srcset=\"https:\/\/i0.wp.com\/clatpu.org\/ediciones-anteriores\/2024\/wp-content\/uploads\/2023\/07\/data-exploration-data-center-model-management-svgrepo-com.png?w=512&amp;ssl=1 512w, https:\/\/i0.wp.com\/clatpu.org\/ediciones-anteriores\/2024\/wp-content\/uploads\/2023\/07\/data-exploration-data-center-model-management-svgrepo-com.png?resize=300%2C300&amp;ssl=1 300w, https:\/\/i0.wp.com\/clatpu.org\/ediciones-anteriores\/2024\/wp-content\/uploads\/2023\/07\/data-exploration-data-center-model-management-svgrepo-com.png?resize=150%2C150&amp;ssl=1 150w\" sizes=\"(max-width: 40px) 100vw, 40px\" data-recalc-dims=\"1\" \/><\/figure>\n\n\n\n<h2 class=\"has-text-align-left wp-block-heading\" style=\"font-size:1.2rem\">Planeamiento, econom\u00eda y modelaci\u00f3n<\/h2>\n<\/div>\n\n\n\n<p class=\"has-text-align-left has-text-color has-small-font-size\" style=\"color:#666666\"><\/p>\n<\/div>\n<\/div>\n\n\n\n<div class=\"wp-block-column is-layout-flow wp-block-column-is-layout-flow\">\n<div class=\"wp-block-group is-content-justification-left is-layout-constrained wp-container-core-group-layout-8 wp-block-group-is-layout-constrained\">\n<div class=\"wp-block-group is-nowrap is-layout-flex wp-container-core-group-layout-7 wp-block-group-is-layout-flex\">\n<figure class=\"wp-block-image size-full is-resized\"><img loading=\"lazy\" decoding=\"async\" src=\"https:\/\/i0.wp.com\/clatpu.org\/wp-content\/uploads\/2023\/07\/light-rail-svgrepo-com.png?resize=40%2C40\" alt=\"\" class=\"wp-image-31\" width=\"40\" height=\"40\" srcset=\"https:\/\/i0.wp.com\/clatpu.org\/ediciones-anteriores\/2024\/wp-content\/uploads\/2023\/07\/light-rail-svgrepo-com.png?w=512&amp;ssl=1 512w, https:\/\/i0.wp.com\/clatpu.org\/ediciones-anteriores\/2024\/wp-content\/uploads\/2023\/07\/light-rail-svgrepo-com.png?resize=300%2C300&amp;ssl=1 300w, https:\/\/i0.wp.com\/clatpu.org\/ediciones-anteriores\/2024\/wp-content\/uploads\/2023\/07\/light-rail-svgrepo-com.png?resize=150%2C150&amp;ssl=1 150w\" sizes=\"(max-width: 40px) 100vw, 40px\" data-recalc-dims=\"1\" \/><\/figure>\n\n\n\n<h2 class=\"has-text-align-left wp-block-heading\" style=\"font-size:1.2rem\">Desarrollo urbano, transporte y movilidad<\/h2>\n<\/div>\n\n\n\n<p class=\"has-text-align-left has-text-color has-small-font-size\" style=\"color:#666666\"><\/p>\n<\/div>\n<\/div>\n\n\n\n<div class=\"wp-block-column is-layout-flow wp-block-column-is-layout-flow\">\n<div class=\"wp-block-group is-content-justification-left is-layout-constrained wp-container-core-group-layout-10 wp-block-group-is-layout-constrained\">\n<div class=\"wp-block-group is-nowrap is-layout-flex wp-container-core-group-layout-9 wp-block-group-is-layout-flex\">\n<figure class=\"wp-block-image size-full is-resized\"><img loading=\"lazy\" decoding=\"async\" src=\"https:\/\/i0.wp.com\/clatpu.org\/wp-content\/uploads\/2023\/07\/semaphore-and-a-car-svgrepo-com.png?resize=40%2C40\" alt=\"\" class=\"wp-image-32\" width=\"40\" height=\"40\" srcset=\"https:\/\/i0.wp.com\/clatpu.org\/ediciones-anteriores\/2024\/wp-content\/uploads\/2023\/07\/semaphore-and-a-car-svgrepo-com.png?w=512&amp;ssl=1 512w, https:\/\/i0.wp.com\/clatpu.org\/ediciones-anteriores\/2024\/wp-content\/uploads\/2023\/07\/semaphore-and-a-car-svgrepo-com.png?resize=300%2C300&amp;ssl=1 300w, https:\/\/i0.wp.com\/clatpu.org\/ediciones-anteriores\/2024\/wp-content\/uploads\/2023\/07\/semaphore-and-a-car-svgrepo-com.png?resize=150%2C150&amp;ssl=1 150w\" sizes=\"(max-width: 40px) 100vw, 40px\" data-recalc-dims=\"1\" \/><\/figure>\n\n\n\n<h2 class=\"has-text-align-left wp-block-heading\" style=\"font-size:1.2rem\">Seguridad vial e Ingenier\u00eda de tr\u00e1nsito<\/h2>\n<\/div>\n\n\n\n<p class=\"has-text-align-left has-text-color has-small-font-size\" style=\"color:#666666\"><\/p>\n<\/div>\n<\/div>\n<\/div>\n\n\n\n<div class=\"wp-block-columns is-layout-flex wp-container-core-columns-layout-2 wp-block-columns-is-layout-flex\" style=\"margin-top:3rem\">\n<div class=\"wp-block-column is-layout-flow wp-block-column-is-layout-flow\">\n<div class=\"wp-block-group is-content-justification-left is-layout-constrained wp-container-core-group-layout-12 wp-block-group-is-layout-constrained\">\n<div class=\"wp-block-group is-nowrap is-layout-flex wp-container-core-group-layout-11 wp-block-group-is-layout-flex\">\n<figure class=\"wp-block-image size-full is-resized\"><img loading=\"lazy\" decoding=\"async\" src=\"https:\/\/i0.wp.com\/clatpu.org\/wp-content\/uploads\/2023\/07\/truck-svgrepo-com.png?resize=40%2C40\" alt=\"\" class=\"wp-image-33\" width=\"40\" height=\"40\" srcset=\"https:\/\/i0.wp.com\/clatpu.org\/ediciones-anteriores\/2024\/wp-content\/uploads\/2023\/07\/truck-svgrepo-com.png?w=512&amp;ssl=1 512w, https:\/\/i0.wp.com\/clatpu.org\/ediciones-anteriores\/2024\/wp-content\/uploads\/2023\/07\/truck-svgrepo-com.png?resize=300%2C300&amp;ssl=1 300w, https:\/\/i0.wp.com\/clatpu.org\/ediciones-anteriores\/2024\/wp-content\/uploads\/2023\/07\/truck-svgrepo-com.png?resize=150%2C150&amp;ssl=1 150w\" sizes=\"(max-width: 40px) 100vw, 40px\" data-recalc-dims=\"1\" \/><\/figure>\n\n\n\n<h2 class=\"has-text-align-left wp-block-heading\" style=\"font-size:1.2rem\">Transporte de carga<\/h2>\n<\/div>\n\n\n\n<p class=\"has-text-align-left has-text-color has-small-font-size\" style=\"color:#666666\"><\/p>\n<\/div>\n<\/div>\n\n\n\n<div class=\"wp-block-column is-layout-flow wp-block-column-is-layout-flow\">\n<div class=\"wp-block-group is-content-justification-left is-layout-constrained wp-container-core-group-layout-14 wp-block-group-is-layout-constrained\">\n<div class=\"wp-block-group is-nowrap is-layout-flex wp-container-core-group-layout-13 wp-block-group-is-layout-flex\">\n<figure class=\"wp-block-image size-full is-resized\"><img loading=\"lazy\" decoding=\"async\" src=\"https:\/\/i0.wp.com\/clatpu.org\/wp-content\/uploads\/2023\/07\/scooter-transport-svgrepo-com.png?resize=40%2C40\" alt=\"\" class=\"wp-image-34\" width=\"40\" height=\"40\" srcset=\"https:\/\/i0.wp.com\/clatpu.org\/ediciones-anteriores\/2024\/wp-content\/uploads\/2023\/07\/scooter-transport-svgrepo-com.png?w=512&amp;ssl=1 512w, https:\/\/i0.wp.com\/clatpu.org\/ediciones-anteriores\/2024\/wp-content\/uploads\/2023\/07\/scooter-transport-svgrepo-com.png?resize=300%2C300&amp;ssl=1 300w, https:\/\/i0.wp.com\/clatpu.org\/ediciones-anteriores\/2024\/wp-content\/uploads\/2023\/07\/scooter-transport-svgrepo-com.png?resize=150%2C150&amp;ssl=1 150w\" sizes=\"(max-width: 40px) 100vw, 40px\" data-recalc-dims=\"1\" \/><\/figure>\n\n\n\n<h2 class=\"has-text-align-left wp-block-heading\" style=\"font-size:1.2rem\">Movilidad, equidad&nbsp; e inclusi\u00f3n<\/h2>\n<\/div>\n\n\n\n<p class=\"has-text-align-left has-text-color has-small-font-size\" style=\"color:#666666\"><\/p>\n<\/div>\n<\/div>\n\n\n\n<div class=\"wp-block-column is-layout-flow wp-block-column-is-layout-flow\">\n<div class=\"wp-block-group is-content-justification-left is-layout-constrained wp-container-core-group-layout-16 wp-block-group-is-layout-constrained\">\n<div class=\"wp-block-group is-nowrap is-layout-flex wp-container-core-group-layout-15 wp-block-group-is-layout-flex\">\n<figure class=\"wp-block-image size-full is-resized\"><img loading=\"lazy\" decoding=\"async\" src=\"http:\/\/clatpu.org\/wp-content\/uploads\/2023\/07\/cash-dispenser-dollar-svgrepo-com.svg\" alt=\"\" class=\"wp-image-39\" width=\"40\" height=\"40\"\/><\/figure>\n\n\n\n<h2 class=\"has-text-align-left wp-block-heading\" style=\"font-size:1.2rem\">Financiamiento de transporte y participaci\u00f3n p\u00fablica y privada<\/h2>\n<\/div>\n\n\n\n<p class=\"has-text-align-left has-text-color has-small-font-size\" style=\"color:#666666\"><\/p>\n<\/div>\n<\/div>\n<\/div>\n\n\n\n<div class=\"wp-block-columns is-layout-flex wp-container-core-columns-layout-3 wp-block-columns-is-layout-flex\" style=\"margin-top:3rem\">\n<div class=\"wp-block-column is-layout-flow wp-block-column-is-layout-flow\">\n<div class=\"wp-block-group is-content-justification-left is-layout-constrained wp-container-core-group-layout-18 wp-block-group-is-layout-constrained\">\n<div class=\"wp-block-group is-nowrap is-layout-flex wp-container-core-group-layout-17 wp-block-group-is-layout-flex\">\n<figure class=\"wp-block-image size-full is-resized\"><img loading=\"lazy\" decoding=\"async\" src=\"https:\/\/i0.wp.com\/clatpu.org\/wp-content\/uploads\/2023\/07\/eco-car-svgrepo-com.png?resize=40%2C40\" alt=\"\" class=\"wp-image-36\" width=\"40\" height=\"40\" srcset=\"https:\/\/i0.wp.com\/clatpu.org\/ediciones-anteriores\/2024\/wp-content\/uploads\/2023\/07\/eco-car-svgrepo-com.png?w=512&amp;ssl=1 512w, https:\/\/i0.wp.com\/clatpu.org\/ediciones-anteriores\/2024\/wp-content\/uploads\/2023\/07\/eco-car-svgrepo-com.png?resize=300%2C300&amp;ssl=1 300w, https:\/\/i0.wp.com\/clatpu.org\/ediciones-anteriores\/2024\/wp-content\/uploads\/2023\/07\/eco-car-svgrepo-com.png?resize=150%2C150&amp;ssl=1 150w\" sizes=\"(max-width: 40px) 100vw, 40px\" data-recalc-dims=\"1\" \/><\/figure>\n\n\n\n<h2 class=\"has-text-align-left wp-block-heading\" style=\"font-size:1.2rem\">Ambiente y mercado energ\u00e9tico<\/h2>\n<\/div>\n\n\n\n<p class=\"has-text-align-left has-text-color has-small-font-size\" style=\"color:#666666\"><\/p>\n<\/div>\n<\/div>\n\n\n\n<div class=\"wp-block-column is-layout-flow wp-block-column-is-layout-flow\">\n<div class=\"wp-block-group is-content-justification-left is-layout-constrained wp-container-core-group-layout-20 wp-block-group-is-layout-constrained\">\n<div class=\"wp-block-group is-nowrap is-layout-flex wp-container-core-group-layout-19 wp-block-group-is-layout-flex\">\n<figure class=\"wp-block-image size-full is-resized\"><img loading=\"lazy\" decoding=\"async\" src=\"https:\/\/i0.wp.com\/clatpu.org\/wp-content\/uploads\/2023\/07\/ericsson-svgrepo-com.png?resize=40%2C40\" alt=\"\" class=\"wp-image-37\" width=\"40\" height=\"40\" srcset=\"https:\/\/i0.wp.com\/clatpu.org\/ediciones-anteriores\/2024\/wp-content\/uploads\/2023\/07\/ericsson-svgrepo-com.png?w=512&amp;ssl=1 512w, https:\/\/i0.wp.com\/clatpu.org\/ediciones-anteriores\/2024\/wp-content\/uploads\/2023\/07\/ericsson-svgrepo-com.png?resize=300%2C300&amp;ssl=1 300w, https:\/\/i0.wp.com\/clatpu.org\/ediciones-anteriores\/2024\/wp-content\/uploads\/2023\/07\/ericsson-svgrepo-com.png?resize=150%2C150&amp;ssl=1 150w\" sizes=\"(max-width: 40px) 100vw, 40px\" data-recalc-dims=\"1\" \/><\/figure>\n\n\n\n<h2 class=\"has-text-align-left wp-block-heading\" style=\"font-size:1.2rem\">Innovaciones y desarrollos tecnol\u00f3gicos en transporte<\/h2>\n<\/div>\n\n\n\n<p class=\"has-text-align-left has-text-color has-small-font-size\" style=\"color:#666666\"><\/p>\n<\/div>\n<\/div>\n\n\n\n<div class=\"wp-block-column is-layout-flow wp-block-column-is-layout-flow\">\n<div class=\"wp-block-group is-content-justification-left is-layout-constrained wp-container-core-group-layout-22 wp-block-group-is-layout-constrained\">\n<div class=\"wp-block-group is-nowrap is-layout-flex wp-container-core-group-layout-21 wp-block-group-is-layout-flex\">\n<figure class=\"wp-block-image size-full is-resized\"><img loading=\"lazy\" decoding=\"async\" src=\"https:\/\/i0.wp.com\/clatpu.org\/wp-content\/uploads\/2023\/07\/bus-svgrepo-com.png?resize=40%2C40\" alt=\"\" class=\"wp-image-38\" width=\"40\" height=\"40\" srcset=\"https:\/\/i0.wp.com\/clatpu.org\/ediciones-anteriores\/2024\/wp-content\/uploads\/2023\/07\/bus-svgrepo-com.png?w=512&amp;ssl=1 512w, https:\/\/i0.wp.com\/clatpu.org\/ediciones-anteriores\/2024\/wp-content\/uploads\/2023\/07\/bus-svgrepo-com.png?resize=300%2C300&amp;ssl=1 300w, https:\/\/i0.wp.com\/clatpu.org\/ediciones-anteriores\/2024\/wp-content\/uploads\/2023\/07\/bus-svgrepo-com.png?resize=150%2C150&amp;ssl=1 150w\" sizes=\"(max-width: 40px) 100vw, 40px\" data-recalc-dims=\"1\" \/><\/figure>\n\n\n\n<h2 class=\"has-text-align-left wp-block-heading\" style=\"font-size:1.2rem\">Transporte p\u00fablico: organizaci\u00f3n, gesti\u00f3n, equidad, accesibilidad, integraci\u00f3n<\/h2>\n<\/div>\n\n\n\n<p class=\"has-text-align-left has-text-color has-small-font-size\" style=\"color:#666666\"><\/p>\n<\/div>\n<\/div>\n<\/div>\n\n\n\n<div class=\"wp-block-columns is-layout-flex wp-container-core-columns-layout-4 wp-block-columns-is-layout-flex\" style=\"margin-top:3rem\">\n<div class=\"wp-block-column is-layout-flow wp-block-column-is-layout-flow\">\n<div class=\"wp-block-group is-content-justification-left is-layout-constrained wp-container-core-group-layout-24 wp-block-group-is-layout-constrained\">\n<div class=\"wp-block-group is-nowrap is-layout-flex wp-container-core-group-layout-23 wp-block-group-is-layout-flex\">\n<figure class=\"wp-block-image size-full is-resized\"><img loading=\"lazy\" decoding=\"async\" src=\"https:\/\/i0.wp.com\/clatpu.org\/wp-content\/uploads\/2023\/07\/hierarchy-svgrepo-com.png?resize=40%2C40\" alt=\"\" class=\"wp-image-40\" width=\"40\" height=\"40\" srcset=\"https:\/\/i0.wp.com\/clatpu.org\/ediciones-anteriores\/2024\/wp-content\/uploads\/2023\/07\/hierarchy-svgrepo-com.png?w=512&amp;ssl=1 512w, https:\/\/i0.wp.com\/clatpu.org\/ediciones-anteriores\/2024\/wp-content\/uploads\/2023\/07\/hierarchy-svgrepo-com.png?resize=300%2C300&amp;ssl=1 300w, https:\/\/i0.wp.com\/clatpu.org\/ediciones-anteriores\/2024\/wp-content\/uploads\/2023\/07\/hierarchy-svgrepo-com.png?resize=150%2C150&amp;ssl=1 150w\" sizes=\"(max-width: 40px) 100vw, 40px\" data-recalc-dims=\"1\" \/><\/figure>\n\n\n\n<h2 class=\"has-text-align-left wp-block-heading\" style=\"font-size:1.2rem\">Gobernanza en el transporte y movilidad: pol\u00edticas p\u00fablicas, marco regulatorio y el papel de las autoridades<\/h2>\n<\/div>\n\n\n\n<p class=\"has-text-align-left has-text-color has-small-font-size\" style=\"color:#666666\"><\/p>\n<\/div>\n<\/div>\n\n\n\n<div class=\"wp-block-column is-layout-flow wp-block-column-is-layout-flow\">\n<div class=\"wp-block-group is-content-justification-left is-layout-constrained wp-container-core-group-layout-26 wp-block-group-is-layout-constrained\">\n<div class=\"wp-block-group is-nowrap is-layout-flex wp-container-core-group-layout-25 wp-block-group-is-layout-flex\">\n<figure class=\"wp-block-image size-full is-resized\"><img loading=\"lazy\" decoding=\"async\" src=\"https:\/\/i0.wp.com\/clatpu.org\/wp-content\/uploads\/2023\/07\/teleski-transportation-winter-svgrepo-com.png?resize=40%2C40\" alt=\"\" class=\"wp-image-41\" width=\"40\" height=\"40\" srcset=\"https:\/\/i0.wp.com\/clatpu.org\/ediciones-anteriores\/2024\/wp-content\/uploads\/2023\/07\/teleski-transportation-winter-svgrepo-com.png?w=512&amp;ssl=1 512w, https:\/\/i0.wp.com\/clatpu.org\/ediciones-anteriores\/2024\/wp-content\/uploads\/2023\/07\/teleski-transportation-winter-svgrepo-com.png?resize=300%2C300&amp;ssl=1 300w, https:\/\/i0.wp.com\/clatpu.org\/ediciones-anteriores\/2024\/wp-content\/uploads\/2023\/07\/teleski-transportation-winter-svgrepo-com.png?resize=150%2C150&amp;ssl=1 150w\" sizes=\"(max-width: 40px) 100vw, 40px\" data-recalc-dims=\"1\" \/><\/figure>\n\n\n\n<h2 class=\"has-text-align-left wp-block-heading\" style=\"font-size:1.2rem\">Movilidad activa y modalidades alternativas (a pie, bicicletas, motos, mototaxis, metrocables y otros)<\/h2>\n<\/div>\n\n\n\n<p class=\"has-text-align-left has-text-color has-small-font-size\" style=\"color:#666666\"><\/p>\n<\/div>\n<\/div>\n<\/div>\n<\/div>\n","protected":false},"excerpt":{"rendered":"<p>TEMAS &#8211; \u00c1REAS TEM\u00c1TICAS Movilidad sostenible, intermodalidad y equidad Planeamiento, econom\u00eda y modelaci\u00f3n Desarrollo urbano, transporte y movilidad Seguridad vial e Ingenier\u00eda de tr\u00e1nsito Transporte de carga Movilidad, equidad&nbsp; e inclusi\u00f3n Financiamiento de transporte y participaci\u00f3n p\u00fablica y privada Ambiente y mercado energ\u00e9tico Innovaciones y desarrollos tecnol\u00f3gicos en transporte Transporte [&hellip;]<\/p>\n","protected":false},"author":1,"featured_media":0,"parent":0,"menu_order":0,"comment_status":"closed","ping_status":"closed","template":"","meta":{"_themeisle_gutenberg_block_has_review":false,"footnotes":""},"_links":{"self":[{"href":"https:\/\/clatpu.org\/ediciones-anteriores\/2024\/wp-json\/wp\/v2\/pages\/162"}],"collection":[{"href":"https:\/\/clatpu.org\/ediciones-anteriores\/2024\/wp-json\/wp\/v2\/pages"}],"about":[{"href":"https:\/\/clatpu.org\/ediciones-anteriores\/2024\/wp-json\/wp\/v2\/types\/page"}],"author":[{"embeddable":true,"href":"https:\/\/clatpu.org\/ediciones-anteriores\/2024\/wp-json\/wp\/v2\/users\/1"}],"replies":[{"embeddable":true,"href":"https:\/\/clatpu.org\/ediciones-anteriores\/2024\/wp-json\/wp\/v2\/comments?post=162"}],"version-history":[{"count":2,"href":"https:\/\/clatpu.org\/ediciones-anteriores\/2024\/wp-json\/wp\/v2\/pages\/162\/revisions"}],"predecessor-version":[{"id":165,"href":"https:\/\/clatpu.org\/ediciones-anteriores\/2024\/wp-json\/wp\/v2\/pages\/162\/revisions\/165"}],"wp:attachment":[{"href":"https:\/\/clatpu.org\/ediciones-anteriores\/2024\/wp-json\/wp\/v2\/media?parent=162"}],"curies":[{"name":"wp","href":"https:\/\/api.w.org\/{rel}","templated":true}]}}