{"id":125,"date":"2023-07-06T19:04:41","date_gmt":"2023-07-06T19:04:41","guid":{"rendered":"http:\/\/clatpu.org\/?page_id=125"},"modified":"2023-08-18T15:35:39","modified_gmt":"2023-08-18T15:35:39","slug":"reglamento-ponencias","status":"publish","type":"page","link":"https:\/\/clatpu.org\/ediciones-anteriores\/2024\/reglamento-ponencias\/","title":{"rendered":"reglamento ponencias"},"content":{"rendered":"\n<div class=\"wp-block-group has-background is-layout-flow wp-block-group-is-layout-flow\" style=\"background-color:#004d73;padding-top:0px;padding-right:0px;padding-bottom:0px;padding-left:0px\">\n<div class=\"wp-block-columns has-background-secondary-background-color has-background is-layout-flex wp-container-core-columns-layout-1 wp-block-columns-is-layout-flex\">\n<div class=\"wp-block-column is-vertically-aligned-center image-col is-layout-flow wp-block-column-is-layout-flow\">\n<figure class=\"wp-block-image aligncenter size-large is-resized wp-duotone-unset-1\"><img loading=\"lazy\" decoding=\"async\" src=\"https:\/\/i0.wp.com\/clatpu.org\/wp-content\/uploads\/2023\/07\/Logo-sin-fondo_CLATPU-2024-1-1024x360.png?resize=528%2C186\" alt=\"\" class=\"wp-image-126\" width=\"528\" height=\"186\" srcset=\"https:\/\/i0.wp.com\/clatpu.org\/ediciones-anteriores\/2024\/wp-content\/uploads\/2023\/07\/Logo-sin-fondo_CLATPU-2024-1.png?resize=1024%2C360&amp;ssl=1 1024w, https:\/\/i0.wp.com\/clatpu.org\/ediciones-anteriores\/2024\/wp-content\/uploads\/2023\/07\/Logo-sin-fondo_CLATPU-2024-1.png?resize=300%2C105&amp;ssl=1 300w, https:\/\/i0.wp.com\/clatpu.org\/ediciones-anteriores\/2024\/wp-content\/uploads\/2023\/07\/Logo-sin-fondo_CLATPU-2024-1.png?resize=768%2C270&amp;ssl=1 768w, https:\/\/i0.wp.com\/clatpu.org\/ediciones-anteriores\/2024\/wp-content\/uploads\/2023\/07\/Logo-sin-fondo_CLATPU-2024-1.png?resize=1536%2C540&amp;ssl=1 1536w, https:\/\/i0.wp.com\/clatpu.org\/ediciones-anteriores\/2024\/wp-content\/uploads\/2023\/07\/Logo-sin-fondo_CLATPU-2024-1.png?resize=2048%2C720&amp;ssl=1 2048w, https:\/\/i0.wp.com\/clatpu.org\/ediciones-anteriores\/2024\/wp-content\/uploads\/2023\/07\/Logo-sin-fondo_CLATPU-2024-1.png?w=3000&amp;ssl=1 3000w\" sizes=\"(max-width: 528px) 100vw, 528px\" data-recalc-dims=\"1\" \/><\/figure>\n<\/div>\n\n\n\n<div class=\"wp-block-column is-vertically-aligned-center has-background is-content-justification-left is-layout-constrained wp-container-core-column-layout-2 wp-block-column-is-layout-constrained\" style=\"background-color:#025576\">\n<div class=\"wp-block-group content-right is-content-justification-right is-layout-constrained wp-container-core-group-layout-2 wp-block-group-is-layout-constrained\" style=\"padding-top:4rem;padding-bottom:4rem\">\n<div class=\"wp-block-group has-background-color has-text-color is-layout-constrained wp-block-group-is-layout-constrained\">\n<p class=\"has-text-color\" style=\"color:#f56600\">REGLAMENTO<\/p>\n\n\n\n<p>CONVOCATORIA PARA LA POSTULACI\u00d3N DE PONENCIAS XXII CONGRESO LATINOAMERICANO DE TRANSPORTE P\u00daBLICO Y URBANO &#8211; CLATPU 2024<\/p>\n\n\n\n<p>La Fundaci\u00f3n Latinoamericana de Transporte P\u00fablico y Urbano (ALATPU) y el Comit\u00e9 Organizador del XXII CLATPU tienen el agrado de convocarlos a postular propuestas de ponencias, enviando sus res\u00famenes antes del 30 de setiembre de 2023.<br>Siendo la tem\u00e1tica central de este encuentro: \u201cMovilidad sostenible, intermodalidad y equidad\u201d, la presentaci\u00f3n de las ponencias estar\u00e1 dividida en los siguientes ejes tem\u00e1ticos.<\/p>\n<\/div>\n<\/div>\n<\/div>\n<\/div>\n<\/div>\n\n\n\n<p class=\"has-border-background-color has-background\"><strong>\u00a1IMPORTANTE! <\/strong>\ud83d\udea8 Para postular su ponencia debe previamente completar el formulario de registro. Podr\u00e1 abonar al momento su inscripci\u00f3n o bien seleccionar el m\u00e9todo de pago <strong>\u00abSolo para autores presentadores\u00bb<\/strong> y hacer el pago de la inscripci\u00f3n en otro momento. Una vez completado el mismo, le llegar\u00e1 a su casilla de correo el usuario y contrase\u00f1a asignado. Con ello podr\u00e1 ingresar al sistema y realizar sus postulaciones.<\/p>\n\n\n\n<div class=\"wp-block-group is-layout-constrained wp-block-group-is-layout-constrained\" style=\"margin-top:4rem\">\n<p class=\"has-lite-green-color has-text-color has-tiny-font-size\">EJES TEM\u00c1TICOS<\/p>\n\n\n\n<div class=\"wp-block-columns is-layout-flex wp-container-core-columns-layout-2 wp-block-columns-is-layout-flex\" style=\"margin-top:4rem\">\n<div class=\"wp-block-column is-layout-flow wp-block-column-is-layout-flow\">\n<div class=\"wp-block-group is-content-justification-left is-layout-constrained wp-container-core-group-layout-5 wp-block-group-is-layout-constrained\">\n<div class=\"wp-block-group is-nowrap is-layout-flex wp-container-core-group-layout-4 wp-block-group-is-layout-flex\">\n<figure class=\"wp-block-image size-full is-resized\"><img loading=\"lazy\" decoding=\"async\" src=\"https:\/\/i0.wp.com\/clatpu.org\/wp-content\/uploads\/2023\/07\/data-exploration-data-center-model-management-svgrepo-com.png?resize=40%2C40\" alt=\"\" class=\"wp-image-30\" width=\"40\" height=\"40\" srcset=\"https:\/\/i0.wp.com\/clatpu.org\/ediciones-anteriores\/2024\/wp-content\/uploads\/2023\/07\/data-exploration-data-center-model-management-svgrepo-com.png?w=512&amp;ssl=1 512w, https:\/\/i0.wp.com\/clatpu.org\/ediciones-anteriores\/2024\/wp-content\/uploads\/2023\/07\/data-exploration-data-center-model-management-svgrepo-com.png?resize=300%2C300&amp;ssl=1 300w, https:\/\/i0.wp.com\/clatpu.org\/ediciones-anteriores\/2024\/wp-content\/uploads\/2023\/07\/data-exploration-data-center-model-management-svgrepo-com.png?resize=150%2C150&amp;ssl=1 150w\" sizes=\"(max-width: 40px) 100vw, 40px\" data-recalc-dims=\"1\" \/><\/figure>\n\n\n\n<h2 class=\"has-text-align-left wp-block-heading\" style=\"font-size:1.2rem\">Planeamiento, econom\u00eda y modelaci\u00f3n<\/h2>\n<\/div>\n\n\n\n<p class=\"has-text-align-left has-text-color has-small-font-size\" style=\"color:#666666\"><\/p>\n<\/div>\n<\/div>\n\n\n\n<div class=\"wp-block-column is-layout-flow wp-block-column-is-layout-flow\">\n<div class=\"wp-block-group is-content-justification-left is-layout-constrained wp-container-core-group-layout-7 wp-block-group-is-layout-constrained\">\n<div class=\"wp-block-group is-nowrap is-layout-flex wp-container-core-group-layout-6 wp-block-group-is-layout-flex\">\n<figure class=\"wp-block-image size-full is-resized\"><img loading=\"lazy\" decoding=\"async\" src=\"https:\/\/i0.wp.com\/clatpu.org\/wp-content\/uploads\/2023\/07\/light-rail-svgrepo-com.png?resize=40%2C40\" alt=\"\" class=\"wp-image-31\" width=\"40\" height=\"40\" srcset=\"https:\/\/i0.wp.com\/clatpu.org\/ediciones-anteriores\/2024\/wp-content\/uploads\/2023\/07\/light-rail-svgrepo-com.png?w=512&amp;ssl=1 512w, https:\/\/i0.wp.com\/clatpu.org\/ediciones-anteriores\/2024\/wp-content\/uploads\/2023\/07\/light-rail-svgrepo-com.png?resize=300%2C300&amp;ssl=1 300w, https:\/\/i0.wp.com\/clatpu.org\/ediciones-anteriores\/2024\/wp-content\/uploads\/2023\/07\/light-rail-svgrepo-com.png?resize=150%2C150&amp;ssl=1 150w\" sizes=\"(max-width: 40px) 100vw, 40px\" data-recalc-dims=\"1\" \/><\/figure>\n\n\n\n<h2 class=\"has-text-align-left wp-block-heading\" style=\"font-size:1.2rem\">Desarrollo urbano, transporte y movilidad<\/h2>\n<\/div>\n\n\n\n<p class=\"has-text-align-left has-text-color has-small-font-size\" style=\"color:#666666\"><\/p>\n<\/div>\n<\/div>\n\n\n\n<div class=\"wp-block-column is-layout-flow wp-block-column-is-layout-flow\">\n<div class=\"wp-block-group is-content-justification-left is-layout-constrained wp-container-core-group-layout-9 wp-block-group-is-layout-constrained\">\n<div class=\"wp-block-group is-nowrap is-layout-flex wp-container-core-group-layout-8 wp-block-group-is-layout-flex\">\n<figure class=\"wp-block-image size-full is-resized\"><img loading=\"lazy\" decoding=\"async\" src=\"https:\/\/i0.wp.com\/clatpu.org\/wp-content\/uploads\/2023\/07\/semaphore-and-a-car-svgrepo-com.png?resize=40%2C40\" alt=\"\" class=\"wp-image-32\" width=\"40\" height=\"40\" srcset=\"https:\/\/i0.wp.com\/clatpu.org\/ediciones-anteriores\/2024\/wp-content\/uploads\/2023\/07\/semaphore-and-a-car-svgrepo-com.png?w=512&amp;ssl=1 512w, https:\/\/i0.wp.com\/clatpu.org\/ediciones-anteriores\/2024\/wp-content\/uploads\/2023\/07\/semaphore-and-a-car-svgrepo-com.png?resize=300%2C300&amp;ssl=1 300w, https:\/\/i0.wp.com\/clatpu.org\/ediciones-anteriores\/2024\/wp-content\/uploads\/2023\/07\/semaphore-and-a-car-svgrepo-com.png?resize=150%2C150&amp;ssl=1 150w\" sizes=\"(max-width: 40px) 100vw, 40px\" data-recalc-dims=\"1\" \/><\/figure>\n\n\n\n<h2 class=\"has-text-align-left wp-block-heading\" style=\"font-size:1.2rem\">Seguridad vial e Ingenier\u00eda de tr\u00e1nsito<\/h2>\n<\/div>\n\n\n\n<p class=\"has-text-align-left has-text-color has-small-font-size\" style=\"color:#666666\"><\/p>\n<\/div>\n<\/div>\n<\/div>\n\n\n\n<div class=\"wp-block-columns is-layout-flex wp-container-core-columns-layout-3 wp-block-columns-is-layout-flex\" style=\"margin-top:3rem\">\n<div class=\"wp-block-column is-layout-flow wp-block-column-is-layout-flow\">\n<div class=\"wp-block-group is-content-justification-left is-layout-constrained wp-container-core-group-layout-11 wp-block-group-is-layout-constrained\">\n<div class=\"wp-block-group is-nowrap is-layout-flex wp-container-core-group-layout-10 wp-block-group-is-layout-flex\">\n<figure class=\"wp-block-image size-full is-resized\"><img loading=\"lazy\" decoding=\"async\" src=\"https:\/\/i0.wp.com\/clatpu.org\/wp-content\/uploads\/2023\/07\/truck-svgrepo-com.png?resize=40%2C40\" alt=\"\" class=\"wp-image-33\" width=\"40\" height=\"40\" srcset=\"https:\/\/i0.wp.com\/clatpu.org\/ediciones-anteriores\/2024\/wp-content\/uploads\/2023\/07\/truck-svgrepo-com.png?w=512&amp;ssl=1 512w, https:\/\/i0.wp.com\/clatpu.org\/ediciones-anteriores\/2024\/wp-content\/uploads\/2023\/07\/truck-svgrepo-com.png?resize=300%2C300&amp;ssl=1 300w, https:\/\/i0.wp.com\/clatpu.org\/ediciones-anteriores\/2024\/wp-content\/uploads\/2023\/07\/truck-svgrepo-com.png?resize=150%2C150&amp;ssl=1 150w\" sizes=\"(max-width: 40px) 100vw, 40px\" data-recalc-dims=\"1\" \/><\/figure>\n\n\n\n<h2 class=\"has-text-align-left wp-block-heading\" style=\"font-size:1.2rem\">Transporte de carga<\/h2>\n<\/div>\n\n\n\n<p class=\"has-text-align-left has-text-color has-small-font-size\" style=\"color:#666666\"><\/p>\n<\/div>\n<\/div>\n\n\n\n<div class=\"wp-block-column is-layout-flow wp-block-column-is-layout-flow\">\n<div class=\"wp-block-group is-content-justification-left is-layout-constrained wp-container-core-group-layout-13 wp-block-group-is-layout-constrained\">\n<div class=\"wp-block-group is-nowrap is-layout-flex wp-container-core-group-layout-12 wp-block-group-is-layout-flex\">\n<figure class=\"wp-block-image size-full is-resized\"><img loading=\"lazy\" decoding=\"async\" src=\"https:\/\/i0.wp.com\/clatpu.org\/wp-content\/uploads\/2023\/07\/scooter-transport-svgrepo-com.png?resize=40%2C40\" alt=\"\" class=\"wp-image-34\" width=\"40\" height=\"40\" srcset=\"https:\/\/i0.wp.com\/clatpu.org\/ediciones-anteriores\/2024\/wp-content\/uploads\/2023\/07\/scooter-transport-svgrepo-com.png?w=512&amp;ssl=1 512w, https:\/\/i0.wp.com\/clatpu.org\/ediciones-anteriores\/2024\/wp-content\/uploads\/2023\/07\/scooter-transport-svgrepo-com.png?resize=300%2C300&amp;ssl=1 300w, https:\/\/i0.wp.com\/clatpu.org\/ediciones-anteriores\/2024\/wp-content\/uploads\/2023\/07\/scooter-transport-svgrepo-com.png?resize=150%2C150&amp;ssl=1 150w\" sizes=\"(max-width: 40px) 100vw, 40px\" data-recalc-dims=\"1\" \/><\/figure>\n\n\n\n<h2 class=\"has-text-align-left wp-block-heading\" style=\"font-size:1.2rem\">Movilidad, equidad&nbsp; e inclusi\u00f3n<\/h2>\n<\/div>\n\n\n\n<p class=\"has-text-align-left has-text-color has-small-font-size\" style=\"color:#666666\"><\/p>\n<\/div>\n<\/div>\n\n\n\n<div class=\"wp-block-column is-layout-flow wp-block-column-is-layout-flow\">\n<div class=\"wp-block-group is-content-justification-left is-layout-constrained wp-container-core-group-layout-15 wp-block-group-is-layout-constrained\">\n<div class=\"wp-block-group is-nowrap is-layout-flex wp-container-core-group-layout-14 wp-block-group-is-layout-flex\">\n<figure class=\"wp-block-image size-full is-resized\"><img loading=\"lazy\" decoding=\"async\" src=\"http:\/\/clatpu.org\/wp-content\/uploads\/2023\/07\/cash-dispenser-dollar-svgrepo-com.svg\" alt=\"\" class=\"wp-image-39\" width=\"40\" height=\"40\"\/><\/figure>\n\n\n\n<h2 class=\"has-text-align-left wp-block-heading\" style=\"font-size:1.2rem\">Financiamiento de transporte y participaci\u00f3n p\u00fablica y privada<\/h2>\n<\/div>\n\n\n\n<p class=\"has-text-align-left has-text-color has-small-font-size\" style=\"color:#666666\"><\/p>\n<\/div>\n<\/div>\n<\/div>\n\n\n\n<div class=\"wp-block-columns is-layout-flex wp-container-core-columns-layout-4 wp-block-columns-is-layout-flex\" style=\"margin-top:3rem\">\n<div class=\"wp-block-column is-layout-flow wp-block-column-is-layout-flow\">\n<div class=\"wp-block-group is-content-justification-left is-layout-constrained wp-container-core-group-layout-17 wp-block-group-is-layout-constrained\">\n<div class=\"wp-block-group is-nowrap is-layout-flex wp-container-core-group-layout-16 wp-block-group-is-layout-flex\">\n<figure class=\"wp-block-image size-full is-resized\"><img loading=\"lazy\" decoding=\"async\" src=\"https:\/\/i0.wp.com\/clatpu.org\/wp-content\/uploads\/2023\/07\/eco-car-svgrepo-com.png?resize=40%2C40\" alt=\"\" class=\"wp-image-36\" width=\"40\" height=\"40\" srcset=\"https:\/\/i0.wp.com\/clatpu.org\/ediciones-anteriores\/2024\/wp-content\/uploads\/2023\/07\/eco-car-svgrepo-com.png?w=512&amp;ssl=1 512w, https:\/\/i0.wp.com\/clatpu.org\/ediciones-anteriores\/2024\/wp-content\/uploads\/2023\/07\/eco-car-svgrepo-com.png?resize=300%2C300&amp;ssl=1 300w, https:\/\/i0.wp.com\/clatpu.org\/ediciones-anteriores\/2024\/wp-content\/uploads\/2023\/07\/eco-car-svgrepo-com.png?resize=150%2C150&amp;ssl=1 150w\" sizes=\"(max-width: 40px) 100vw, 40px\" data-recalc-dims=\"1\" \/><\/figure>\n\n\n\n<h2 class=\"has-text-align-left wp-block-heading\" style=\"font-size:1.2rem\">Ambiente y mercado energ\u00e9tico<\/h2>\n<\/div>\n\n\n\n<p class=\"has-text-align-left has-text-color has-small-font-size\" style=\"color:#666666\"><\/p>\n<\/div>\n<\/div>\n\n\n\n<div class=\"wp-block-column is-layout-flow wp-block-column-is-layout-flow\">\n<div class=\"wp-block-group is-content-justification-left is-layout-constrained wp-container-core-group-layout-19 wp-block-group-is-layout-constrained\">\n<div class=\"wp-block-group is-nowrap is-layout-flex wp-container-core-group-layout-18 wp-block-group-is-layout-flex\">\n<figure class=\"wp-block-image size-full is-resized\"><img loading=\"lazy\" decoding=\"async\" src=\"https:\/\/i0.wp.com\/clatpu.org\/wp-content\/uploads\/2023\/07\/ericsson-svgrepo-com.png?resize=40%2C40\" alt=\"\" class=\"wp-image-37\" width=\"40\" height=\"40\" srcset=\"https:\/\/i0.wp.com\/clatpu.org\/ediciones-anteriores\/2024\/wp-content\/uploads\/2023\/07\/ericsson-svgrepo-com.png?w=512&amp;ssl=1 512w, https:\/\/i0.wp.com\/clatpu.org\/ediciones-anteriores\/2024\/wp-content\/uploads\/2023\/07\/ericsson-svgrepo-com.png?resize=300%2C300&amp;ssl=1 300w, https:\/\/i0.wp.com\/clatpu.org\/ediciones-anteriores\/2024\/wp-content\/uploads\/2023\/07\/ericsson-svgrepo-com.png?resize=150%2C150&amp;ssl=1 150w\" sizes=\"(max-width: 40px) 100vw, 40px\" data-recalc-dims=\"1\" \/><\/figure>\n\n\n\n<h2 class=\"has-text-align-left wp-block-heading\" style=\"font-size:1.2rem\">Innovaciones y desarrollos tecnol\u00f3gicos en transporte<\/h2>\n<\/div>\n\n\n\n<p class=\"has-text-align-left has-text-color has-small-font-size\" style=\"color:#666666\"><\/p>\n<\/div>\n<\/div>\n\n\n\n<div class=\"wp-block-column is-layout-flow wp-block-column-is-layout-flow\">\n<div class=\"wp-block-group is-content-justification-left is-layout-constrained wp-container-core-group-layout-21 wp-block-group-is-layout-constrained\">\n<div class=\"wp-block-group is-nowrap is-layout-flex wp-container-core-group-layout-20 wp-block-group-is-layout-flex\">\n<figure class=\"wp-block-image size-full is-resized\"><img loading=\"lazy\" decoding=\"async\" src=\"https:\/\/i0.wp.com\/clatpu.org\/wp-content\/uploads\/2023\/07\/bus-svgrepo-com.png?resize=40%2C40\" alt=\"\" class=\"wp-image-38\" width=\"40\" height=\"40\" srcset=\"https:\/\/i0.wp.com\/clatpu.org\/ediciones-anteriores\/2024\/wp-content\/uploads\/2023\/07\/bus-svgrepo-com.png?w=512&amp;ssl=1 512w, https:\/\/i0.wp.com\/clatpu.org\/ediciones-anteriores\/2024\/wp-content\/uploads\/2023\/07\/bus-svgrepo-com.png?resize=300%2C300&amp;ssl=1 300w, https:\/\/i0.wp.com\/clatpu.org\/ediciones-anteriores\/2024\/wp-content\/uploads\/2023\/07\/bus-svgrepo-com.png?resize=150%2C150&amp;ssl=1 150w\" sizes=\"(max-width: 40px) 100vw, 40px\" data-recalc-dims=\"1\" \/><\/figure>\n\n\n\n<h2 class=\"has-text-align-left wp-block-heading\" style=\"font-size:1.2rem\">Transporte p\u00fablico: organizaci\u00f3n, gesti\u00f3n, equidad, accesibilidad, integraci\u00f3n<\/h2>\n<\/div>\n\n\n\n<p class=\"has-text-align-left has-text-color has-small-font-size\" style=\"color:#666666\"><\/p>\n<\/div>\n<\/div>\n<\/div>\n\n\n\n<div class=\"wp-block-columns is-layout-flex wp-container-core-columns-layout-5 wp-block-columns-is-layout-flex\" style=\"margin-top:3rem\">\n<div class=\"wp-block-column is-layout-flow wp-block-column-is-layout-flow\">\n<div class=\"wp-block-group is-content-justification-left is-layout-constrained wp-container-core-group-layout-23 wp-block-group-is-layout-constrained\">\n<div class=\"wp-block-group is-nowrap is-layout-flex wp-container-core-group-layout-22 wp-block-group-is-layout-flex\">\n<figure class=\"wp-block-image size-full is-resized\"><img loading=\"lazy\" decoding=\"async\" src=\"https:\/\/i0.wp.com\/clatpu.org\/wp-content\/uploads\/2023\/07\/hierarchy-svgrepo-com.png?resize=40%2C40\" alt=\"\" class=\"wp-image-40\" width=\"40\" height=\"40\" srcset=\"https:\/\/i0.wp.com\/clatpu.org\/ediciones-anteriores\/2024\/wp-content\/uploads\/2023\/07\/hierarchy-svgrepo-com.png?w=512&amp;ssl=1 512w, https:\/\/i0.wp.com\/clatpu.org\/ediciones-anteriores\/2024\/wp-content\/uploads\/2023\/07\/hierarchy-svgrepo-com.png?resize=300%2C300&amp;ssl=1 300w, https:\/\/i0.wp.com\/clatpu.org\/ediciones-anteriores\/2024\/wp-content\/uploads\/2023\/07\/hierarchy-svgrepo-com.png?resize=150%2C150&amp;ssl=1 150w\" sizes=\"(max-width: 40px) 100vw, 40px\" data-recalc-dims=\"1\" \/><\/figure>\n\n\n\n<h2 class=\"has-text-align-left wp-block-heading\" style=\"font-size:1.2rem\">Gobernanza en el transporte y movilidad: pol\u00edticas p\u00fablicas, marco regulatorio y el papel de las autoridades<\/h2>\n<\/div>\n\n\n\n<p class=\"has-text-align-left has-text-color has-small-font-size\" style=\"color:#666666\"><\/p>\n<\/div>\n<\/div>\n\n\n\n<div class=\"wp-block-column is-layout-flow wp-block-column-is-layout-flow\">\n<div class=\"wp-block-group is-content-justification-left is-layout-constrained wp-container-core-group-layout-25 wp-block-group-is-layout-constrained\">\n<div class=\"wp-block-group is-nowrap is-layout-flex wp-container-core-group-layout-24 wp-block-group-is-layout-flex\">\n<figure class=\"wp-block-image size-full is-resized\"><img loading=\"lazy\" decoding=\"async\" src=\"https:\/\/i0.wp.com\/clatpu.org\/wp-content\/uploads\/2023\/07\/teleski-transportation-winter-svgrepo-com.png?resize=40%2C40\" alt=\"\" class=\"wp-image-41\" width=\"40\" height=\"40\" srcset=\"https:\/\/i0.wp.com\/clatpu.org\/ediciones-anteriores\/2024\/wp-content\/uploads\/2023\/07\/teleski-transportation-winter-svgrepo-com.png?w=512&amp;ssl=1 512w, https:\/\/i0.wp.com\/clatpu.org\/ediciones-anteriores\/2024\/wp-content\/uploads\/2023\/07\/teleski-transportation-winter-svgrepo-com.png?resize=300%2C300&amp;ssl=1 300w, https:\/\/i0.wp.com\/clatpu.org\/ediciones-anteriores\/2024\/wp-content\/uploads\/2023\/07\/teleski-transportation-winter-svgrepo-com.png?resize=150%2C150&amp;ssl=1 150w\" sizes=\"(max-width: 40px) 100vw, 40px\" data-recalc-dims=\"1\" \/><\/figure>\n\n\n\n<h2 class=\"has-text-align-left wp-block-heading\" style=\"font-size:1.2rem\">Movilidad activa y modalidades alternativas (a pie, bicicletas, motos, mototaxis, metrocables y otros)<\/h2>\n<\/div>\n\n\n\n<p class=\"has-text-align-left has-text-color has-small-font-size\" style=\"color:#666666\"><\/p>\n<\/div>\n<\/div>\n<\/div>\n<\/div>\n\n\n\n<p>Los interesados deber\u00e1n enviar sus propuestas a trav\u00e9s del sistema de postulaci\u00f3n online disponible en la p\u00e1gina web del congreso (www.clatpu.org) <strong>a<br>partir del 6 de julio de 2023<\/strong> indicando:<\/p>\n\n\n\n<ol>\n<li>T\u00edtulo de la presentaci\u00f3n<\/li>\n\n\n\n<li>Eje tem\u00e1tico<\/li>\n\n\n\n<li>Autor\/es <em>(i)<\/em><\/li>\n\n\n\n<li>Organizaci\u00f3n a la que pertenece\/n<\/li>\n\n\n\n<li>Correo electr\u00f3nico<\/li>\n\n\n\n<li>Resumen de la hoja de vida del\/los autor\/es (1\/2 hoja por cada uno)<\/li>\n\n\n\n<li>Resumen de la propuesta (<em>2 p\u00e1ginas tama\u00f1o A4 de extensi\u00f3n, a espacio sencillo, letra Arial 11<\/em> )<\/li>\n<\/ol>\n\n\n\n<p>Los dos idiomas admitidos para la postulaci\u00f3n de las ponencias son <strong>espa\u00f1ol y portugu\u00e9s<\/strong>.<br>Todos los trabajos deben ser in\u00e9ditos e inscribirse en alguno de los ejes propuestos.<br>Las propuestas ser\u00e1n evaluadas por el Comit\u00e9 de Selecci\u00f3n antes del 30 de octubre del 2023.<br>Solamente se publicar\u00e1n en las Actas las ponencias de las personas que se inscriban y presenten sus trabajos durante el congreso.<\/p>\n\n\n\n<p><strong>ATENCI\u00d3N<\/strong><br>Para postular su ponencia debe previamente completar el formulario de registro.<br>Una vez completado el mismo, le llegar\u00e1 a su casilla de correo el usuario y contrase\u00f1a asignado. Con ello podr\u00e1 ingresar al sistema y realizar sus postulaciones.<br><\/p>\n\n\n\n<p><strong>IMPORTANTE<\/strong><br>Para postular su ponencia no es excluyente el pago de su inscripci\u00f3n al momento de completar el formulario de registro, si debiendo quedar abonada antes del  15 de noviembre de 2023.<br>Si su inscripci\u00f3n depende de la aprobaci\u00f3n de su resumen, por favor complete el registro seleccionando el m\u00e9todo de pago Manual \u201cV\u00e1lido \u00fanicamente para<br>Autores Presentadores\u201d. De esta forma podr\u00e1 hacer el pago m\u00e1s adelante contact\u00e1ndose con maria.dominguez@grupoelis.com.uy.<\/p>\n\n\n\n<p><\/p>\n\n\n\n<p class=\"has-tiny-font-size\"><em>i- Se aceptar\u00e1 un m\u00e1ximo de tres autores por trabajo<\/em><\/p>\n\n\n\n<div class=\"wp-block-buttons is-layout-flex wp-block-buttons-is-layout-flex\">\n<div class=\"wp-block-button\"><a class=\"wp-block-button__link has-background wp-element-button\" href=\"http:\/\/clatpu.org\/wp-content\/uploads\/2023\/07\/CONVOCATORIA-PARA-LA-POSTULACION-DE-PONENCIAS_CLATPU-2024.pdf\" style=\"background-color:#025576\" target=\"_blank\" rel=\"noreferrer noopener\">DESCARGAR ESTA INFORMACI\u00d3N<\/a><\/div>\n<\/div>\n\n\n\n<p><\/p>\n","protected":false},"excerpt":{"rendered":"<p>REGLAMENTO CONVOCATORIA PARA LA POSTULACI\u00d3N DE PONENCIAS XXII CONGRESO LATINOAMERICANO DE TRANSPORTE P\u00daBLICO Y URBANO &#8211; CLATPU 2024 La Fundaci\u00f3n Latinoamericana de Transporte P\u00fablico y Urbano (ALATPU) y el Comit\u00e9 Organizador del XXII CLATPU tienen el agrado de convocarlos a postular propuestas de ponencias, enviando sus res\u00famenes antes del 30 [&hellip;]<\/p>\n","protected":false},"author":1,"featured_media":0,"parent":0,"menu_order":0,"comment_status":"closed","ping_status":"closed","template":"","meta":{"_themeisle_gutenberg_block_has_review":false,"footnotes":""},"_links":{"self":[{"href":"https:\/\/clatpu.org\/ediciones-anteriores\/2024\/wp-json\/wp\/v2\/pages\/125"}],"collection":[{"href":"https:\/\/clatpu.org\/ediciones-anteriores\/2024\/wp-json\/wp\/v2\/pages"}],"about":[{"href":"https:\/\/clatpu.org\/ediciones-anteriores\/2024\/wp-json\/wp\/v2\/types\/page"}],"author":[{"embeddable":true,"href":"https:\/\/clatpu.org\/ediciones-anteriores\/2024\/wp-json\/wp\/v2\/users\/1"}],"replies":[{"embeddable":true,"href":"https:\/\/clatpu.org\/ediciones-anteriores\/2024\/wp-json\/wp\/v2\/comments?post=125"}],"version-history":[{"count":4,"href":"https:\/\/clatpu.org\/ediciones-anteriores\/2024\/wp-json\/wp\/v2\/pages\/125\/revisions"}],"predecessor-version":[{"id":351,"href":"https:\/\/clatpu.org\/ediciones-anteriores\/2024\/wp-json\/wp\/v2\/pages\/125\/revisions\/351"}],"wp:attachment":[{"href":"https:\/\/clatpu.org\/ediciones-anteriores\/2024\/wp-json\/wp\/v2\/media?parent=125"}],"curies":[{"name":"wp","href":"https:\/\/api.w.org\/{rel}","templated":true}]}}